{"id":5839,"date":"2024-04-30T17:31:37","date_gmt":"2024-04-30T15:31:37","guid":{"rendered":"https:\/\/www.wheeleo.eu\/?page_id=5839"},"modified":"2024-05-01T12:22:47","modified_gmt":"2024-05-01T10:22:47","slug":"huur-een-wheeleo","status":"publish","type":"page","link":"https:\/\/www.wheeleo.eu\/nl\/huur-een-wheeleo\/","title":{"rendered":"Huur een Wheeleo\u00ae in"},"content":{"rendered":"\t\t<div data-elementor-type=\"wp-page\" data-elementor-id=\"5839\" class=\"elementor elementor-5839 elementor-5604\" data-elementor-post-type=\"page\">\n\t\t\t\t<div class=\"elementor-element elementor-element-308fea46 e-con-full e-flex e-con e-parent\" data-id=\"308fea46\" data-element_type=\"container\" data-e-type=\"container\" data-settings=\"{&quot;jet_parallax_layout_list&quot;:[]}\">\n\t\t<div class=\"elementor-element elementor-element-6051dde7 e-con-full e-flex e-con e-child\" data-id=\"6051dde7\" data-element_type=\"container\" data-e-type=\"container\" data-settings=\"{&quot;background_background&quot;:&quot;classic&quot;,&quot;jet_parallax_layout_list&quot;:[]}\">\n\t\t\t\t<div class=\"elementor-element elementor-element-2f625bb1 elementor-widget__width-inherit elementor-widget elementor-widget-heading\" data-id=\"2f625bb1\" data-element_type=\"widget\" data-e-type=\"widget\" data-widget_type=\"heading.default\">\n\t\t\t\t\t<h2 class=\"elementor-heading-title elementor-size-default\">klantenservice<\/h2>\t\t\t\t<\/div>\n\t\t\t\t<div class=\"elementor-element elementor-element-512c8aee elementor-widget__width-inherit elementor-widget elementor-widget-heading\" data-id=\"512c8aee\" data-element_type=\"widget\" data-e-type=\"widget\" data-widget_type=\"heading.default\">\n\t\t\t\t\t<h1 class=\"elementor-heading-title elementor-size-default\">Huur een Wheeleo\u00ae in<\/h1>\t\t\t\t<\/div>\n\t\t\t\t<div class=\"elementor-element elementor-element-ac429b2 elementor-widget elementor-widget-text-editor\" data-id=\"ac429b2\" data-element_type=\"widget\" data-e-type=\"widget\" data-widget_type=\"text-editor.default\">\n\t\t\t\t\t\t\t\t\t<p>Leasen is een uitstekende manier om te testen voordat je een verbintenis aangaat. Zo kun je Wheeleo\u00ae\ufe0f ontdekken en er zeker van zijn dat het perfect aansluit bij je behoeften en verwachtingen.<\/p>\n\t\t\t\t\t\t\t\t<\/div>\n\t\t\t\t<\/div>\n\t\t<div class=\"elementor-element elementor-element-16433802 e-con-full e-flex e-con e-child\" data-id=\"16433802\" data-element_type=\"container\" data-e-type=\"container\" data-settings=\"{&quot;background_background&quot;:&quot;classic&quot;,&quot;background_motion_fx_motion_fx_scrolling&quot;:&quot;yes&quot;,&quot;background_motion_fx_translateX_effect&quot;:&quot;yes&quot;,&quot;background_motion_fx_translateX_direction&quot;:&quot;negative&quot;,&quot;background_motion_fx_translateX_speed&quot;:{&quot;unit&quot;:&quot;px&quot;,&quot;size&quot;:1,&quot;sizes&quot;:[]},&quot;jet_parallax_layout_list&quot;:[],&quot;background_motion_fx_translateX_affectedRange&quot;:{&quot;unit&quot;:&quot;%&quot;,&quot;size&quot;:&quot;&quot;,&quot;sizes&quot;:{&quot;start&quot;:0,&quot;end&quot;:100}},&quot;background_motion_fx_devices&quot;:[&quot;desktop&quot;,&quot;tablet&quot;,&quot;mobile&quot;]}\">\n\t\t\t\t<\/div>\n\t\t\t\t<\/div>\n\t\t<div class=\"elementor-element elementor-element-6b1c4b5 e-flex e-con-boxed e-con e-parent\" data-id=\"6b1c4b5\" data-element_type=\"container\" data-e-type=\"container\" data-settings=\"{&quot;jet_parallax_layout_list&quot;:[]}\">\n\t\t\t\t\t<div class=\"e-con-inner\">\n\t\t\t\t<div class=\"elementor-element elementor-element-703dbab elementor-widget elementor-widget-heading\" data-id=\"703dbab\" data-element_type=\"widget\" data-e-type=\"widget\" data-widget_type=\"heading.default\">\n\t\t\t\t\t<h2 class=\"elementor-heading-title elementor-size-default\">Waarom een Wheeleo\u00ae\ufe0f huren?<\/h2>\t\t\t\t<\/div>\n\t\t\t\t<div class=\"elementor-element elementor-element-0f98c42 elementor-widget elementor-widget-text-editor\" data-id=\"0f98c42\" data-element_type=\"widget\" data-e-type=\"widget\" data-widget_type=\"text-editor.default\">\n\t\t\t\t\t\t\t\t\t<p>Wheeleo\u00ae\ufe0f is een nieuw loophulpmiddel. Het is moeilijk om te weten of Wheeleo\u00ae\ufe0f geschikt is voor jouw loopproblemen zonder het in een echte situatie te hebben getest.  <\/p>\n\t\t\t\t\t\t\t\t<\/div>\n\t\t\t\t<div class=\"elementor-element elementor-element-9c60c6f elementor-widget elementor-widget-heading\" data-id=\"9c60c6f\" data-element_type=\"widget\" data-e-type=\"widget\" data-widget_type=\"heading.default\">\n\t\t\t\t\t<h2 class=\"elementor-heading-title elementor-size-default\">Hoe werkt het?<\/h2>\t\t\t\t<\/div>\n\t\t\t\t<div class=\"elementor-element elementor-element-30f1678 elementor-widget elementor-widget-text-editor\" data-id=\"30f1678\" data-element_type=\"widget\" data-e-type=\"widget\" data-widget_type=\"text-editor.default\">\n\t\t\t\t\t\t\t\t\t<p>Je kunt een Wheeleo\u00ae\ufe0f huren voor \u20ac44, in de kleur van je keuze, voor een periode van 2 weken. Aan het einde van deze twee weken moet je een keuze maken:  <\/p>\n<ul>\n<li>Je wilt Wheeleo\u00ae\ufe0f blijven gebruiken omdat het bij je past en je veel voordelen oplevert. We sturen je de factuur en betalen de huurkosten terug.<\/li>\n<li>Om verschillende redenen wil je Wheeleo\u00ae\ufe0f niet behouden. Daarom organiseren we de terugzending zonder extra kosten.<\/li>\n<\/ul>\n<div> <\/div>\n<p>We twijfelen er niet aan dat dit voorstel u tevreden zal stellen.<\/p>\n\t\t\t\t\t\t\t\t<\/div>\n\t\t\t\t<div class=\"elementor-element elementor-element-efc2248 elementor-widget elementor-widget-heading\" data-id=\"efc2248\" data-element_type=\"widget\" data-e-type=\"widget\" data-widget_type=\"heading.default\">\n\t\t\t\t\t<h2 class=\"elementor-heading-title elementor-size-default\">Voorwaarden<\/h2>\t\t\t\t<\/div>\n\t\t\t\t<div class=\"elementor-element elementor-element-a3a97a0 elementor-widget elementor-widget-text-editor\" data-id=\"a3a97a0\" data-element_type=\"widget\" data-e-type=\"widget\" data-widget_type=\"text-editor.default\">\n\t\t\t\t\t\t\t\t\t<p>We versturen de Wheeleo\u00ae\ufe0f in een krat per koerier van DPD naar \u00e9\u00e9n adres. We leveren \u00e9\u00e9n keer per week. Leveringen vertrekken op dinsdag. <a href=\"https:\/\/www.wheeleo.eu\/nl\/bezorgkosten\/\">Leveringskosten<\/a> worden toegevoegd aan de huurprijs (behalve in Belgi\u00eb).<\/p>\n<p>Pak Wheeleo\u00ae\ufe0f goed uit om de doos in goede staat te houden voor een eventuele retourzending. Instructies voor gebruik zijn <a href=\"https:\/\/www.wheeleo.eu\/nl\/de-wheeleo-uitpakken-en-in-elkaar-zetten\/\">hier<\/a> beschikbaar.<\/p>\n\t\t\t\t\t\t\t\t<\/div>\n\t\t\t\t<div class=\"elementor-element elementor-element-999f2c7 elementor-widget elementor-widget-heading\" data-id=\"999f2c7\" data-element_type=\"widget\" data-e-type=\"widget\" data-widget_type=\"heading.default\">\n\t\t\t\t\t<h2 class=\"elementor-heading-title elementor-size-default\">Terug naar<\/h2>\t\t\t\t<\/div>\n\t\t\t\t<div class=\"elementor-element elementor-element-e7e3459 elementor-widget elementor-widget-text-editor\" data-id=\"e7e3459\" data-element_type=\"widget\" data-e-type=\"widget\" data-widget_type=\"text-editor.default\">\n\t\t\t\t\t\t\t\t\t<p>Om Wheeleo\u00ae\ufe0f aan het einde van een huurperiode terug te sturen, sturen we je een label om op de originele doos te plakken. Volg de uitpakinstructies in omgekeerde volgorde. Wheeleo\u00ae\ufe0f moet stevig worden vastgemaakt om schade te voorkomen. Zorg ervoor dat je alle oude afleveringslabels verwijdert. Geef de doos dan af bij een DPD-relaispunt:&nbsp;<\/p>\n<p>BE : <a href=\"https:\/\/www.dpd.com\/be\/fr\/pickup\/trouver-un-pickup-parcelshop\/\" target=\"_blank\" rel=\"noopener\">https:\/\/www.dpd.com\/be\/fr\/pickup\/trouver-un-pickup-parcelshop\/<\/a><\/p>\n<p>FR : <a href=\"https:\/\/relais.dpd.fr\/fr\/recherche-relais\" target=\"_blank\" rel=\"noopener\">https:\/\/relais.dpd.fr\/fr\/recherche-relais<\/a>&nbsp;<\/p>\t\t\t\t\t\t\t\t<\/div>\n\t\t\t\t\t<\/div>\n\t\t\t\t<\/div>\n\t\t<div class=\"elementor-element elementor-element-75d95a8 e-flex e-con-boxed e-con e-parent\" data-id=\"75d95a8\" data-element_type=\"container\" data-e-type=\"container\" data-settings=\"{&quot;jet_parallax_layout_list&quot;:[]}\">\n\t\t\t\t\t<div class=\"e-con-inner\">\n\t\t\t\t<div class=\"elementor-element elementor-element-83eb81b elementor-cta--skin-cover elementor-widget elementor-widget-global elementor-global-5223 elementor-global-3815 elementor-widget-call-to-action\" data-id=\"83eb81b\" data-element_type=\"widget\" data-e-type=\"widget\" data-widget_type=\"call-to-action.default\">\n\t\t\t\t\t\t\t<a class=\"elementor-cta\" href=\"https:\/\/www.wheeleo.eu\/nl\/produkt\/wheeleo-uren\/\">\n\t\t\t\t\t<div class=\"elementor-cta__bg-wrapper\">\n\t\t\t\t<div class=\"elementor-cta__bg elementor-bg\" style=\"background-image: url(https:\/\/www.wheeleo.eu\/wp-content\/uploads\/2023\/12\/tester-le-wheeleo-1024x279.png);\" role=\"img\" aria-label=\"tester-le-wheeleo\"><\/div>\n\t\t\t\t<div class=\"elementor-cta__bg-overlay\"><\/div>\n\t\t\t<\/div>\n\t\t\t\t\t\t\t<div class=\"elementor-cta__content\">\n\t\t\t\t\n\t\t\t\t\t\t\t\t\t<h3 class=\"elementor-cta__title elementor-cta__content-item elementor-content-item\">\n\t\t\t\t\t\tEen Wheeleo huren\t\t\t\t\t<\/h3>\n\t\t\t\t\n\t\t\t\t\t\t\t\t\t<div class=\"elementor-cta__description elementor-cta__content-item elementor-content-item\">\n\t\t\t\t\t\tProbeer ons huur-\/koopsysteem zonder risico uit! Profiteer van twee weken om Wheeleo\u00ae te testen.   \n\n<br>  Aan het einde van deze periode heb je de keuze: het product kopen en de huurkosten terugbetaald krijgen, of de Wheeleo\u00ae gewoon terugsturen.\t\t\t\t\t<\/div>\n\t\t\t\t\n\t\t\t\t\t\t\t\t\t<div class=\"elementor-cta__button-wrapper elementor-cta__content-item elementor-content-item \">\n\t\t\t\t\t<span class=\"elementor-cta__button elementor-button elementor-size-\">\n\t\t\t\t\t\tHUREN\t\t\t\t\t<\/span>\n\t\t\t\t\t<\/div>\n\t\t\t\t\t\t\t<\/div>\n\t\t\t\t\t\t<\/a>\n\t\t\t\t\t\t<\/div>\n\t\t\t\t\t<\/div>\n\t\t\t\t<\/div>\n\t\t\t\t<\/div>\n\t\t","protected":false},"excerpt":{"rendered":"<p>klantenservice Leasen is een uitstekende manier om te testen voordat je een verbintenis aangaat. Zo kun je Wheeleo\u00ae ontdekken en er zeker van zijn dat het perfect aansluit bij je behoeften en verwachtingen. Waarom een Wheeleo\u00ae huren? Wheeleo\u00ae is een nieuw loophulpmiddel. Het is moeilijk om te weten of Wheeleo\u00ae geschikt is voor jouw loopproblemen [&hellip;]<\/p>\n","protected":false},"author":1,"featured_media":0,"parent":0,"menu_order":0,"comment_status":"closed","ping_status":"closed","template":"elementor_header_footer","meta":{"footnotes":""},"class_list":["post-5839","page","type-page","status-publish","hentry"],"_links":{"self":[{"href":"https:\/\/www.wheeleo.eu\/nl\/wp-json\/wp\/v2\/pages\/5839","targetHints":{"allow":["GET"]}}],"collection":[{"href":"https:\/\/www.wheeleo.eu\/nl\/wp-json\/wp\/v2\/pages"}],"about":[{"href":"https:\/\/www.wheeleo.eu\/nl\/wp-json\/wp\/v2\/types\/page"}],"author":[{"embeddable":true,"href":"https:\/\/www.wheeleo.eu\/nl\/wp-json\/wp\/v2\/users\/1"}],"replies":[{"embeddable":true,"href":"https:\/\/www.wheeleo.eu\/nl\/wp-json\/wp\/v2\/comments?post=5839"}],"version-history":[{"count":2,"href":"https:\/\/www.wheeleo.eu\/nl\/wp-json\/wp\/v2\/pages\/5839\/revisions"}],"predecessor-version":[{"id":6304,"href":"https:\/\/www.wheeleo.eu\/nl\/wp-json\/wp\/v2\/pages\/5839\/revisions\/6304"}],"wp:attachment":[{"href":"https:\/\/www.wheeleo.eu\/nl\/wp-json\/wp\/v2\/media?parent=5839"}],"curies":[{"name":"wp","href":"https:\/\/api.w.org\/{rel}","templated":true}]}}