{"id":5384,"date":"2023-09-25T21:40:00","date_gmt":"2023-09-25T19:40:00","guid":{"rendered":"https:\/\/www.wheeleo.eu\/webinar\/"},"modified":"2025-09-12T11:11:19","modified_gmt":"2025-09-12T09:11:19","slug":"webinar","status":"publish","type":"page","link":"https:\/\/www.wheeleo.eu\/nl\/webinar\/","title":{"rendered":"Webinar"},"content":{"rendered":"\t\t<div data-elementor-type=\"wp-page\" data-elementor-id=\"5384\" class=\"elementor elementor-5384 elementor-200\" data-elementor-post-type=\"page\">\n\t\t\t\t<div class=\"elementor-element elementor-element-61973eb0 e-con-full e-flex e-con e-parent\" data-id=\"61973eb0\" data-element_type=\"container\" data-e-type=\"container\" data-settings=\"{&quot;jet_parallax_layout_list&quot;:[]}\">\n\t\t<div class=\"elementor-element elementor-element-53abc7a5 e-con-full e-flex e-con e-child\" data-id=\"53abc7a5\" data-element_type=\"container\" data-e-type=\"container\" data-settings=\"{&quot;background_background&quot;:&quot;classic&quot;,&quot;jet_parallax_layout_list&quot;:[]}\">\n\t\t\t\t<div class=\"elementor-element elementor-element-16319f73 elementor-widget__width-inherit elementor-widget elementor-widget-heading\" data-id=\"16319f73\" data-element_type=\"widget\" data-e-type=\"widget\" data-widget_type=\"heading.default\">\n\t\t\t\t\t<h1 class=\"elementor-heading-title elementor-size-default\">Webinar<\/h1>\t\t\t\t<\/div>\n\t\t\t\t<div class=\"elementor-element elementor-element-d9ff51c elementor-widget elementor-widget-text-editor\" data-id=\"d9ff51c\" data-element_type=\"widget\" data-e-type=\"widget\" data-widget_type=\"text-editor.default\">\n\t\t\t\t\t\t\t\t\t<p>Ontdek de herhalingen van onze Wheeleo\u00ae-webinars! Krijg toegang tot een schat aan informatie over ons innovatieve product en de praktische toepassingen ervan. Verken onze speciale pagina om eerdere sessies terug te kijken en op de hoogte te blijven van alles wat met de Wheeleo\u00ae te maken heeft.<\/p>\t\t\t\t\t\t\t\t<\/div>\n\t\t\t\t<\/div>\n\t\t<div class=\"elementor-element elementor-element-71618fa7 e-con-full e-flex e-con e-child\" data-id=\"71618fa7\" data-element_type=\"container\" data-e-type=\"container\" data-settings=\"{&quot;background_background&quot;:&quot;classic&quot;,&quot;background_motion_fx_motion_fx_scrolling&quot;:&quot;yes&quot;,&quot;background_motion_fx_translateX_effect&quot;:&quot;yes&quot;,&quot;background_motion_fx_translateX_direction&quot;:&quot;negative&quot;,&quot;background_motion_fx_translateX_speed&quot;:{&quot;unit&quot;:&quot;px&quot;,&quot;size&quot;:1,&quot;sizes&quot;:[]},&quot;jet_parallax_layout_list&quot;:[],&quot;background_motion_fx_translateX_affectedRange&quot;:{&quot;unit&quot;:&quot;%&quot;,&quot;size&quot;:&quot;&quot;,&quot;sizes&quot;:{&quot;start&quot;:0,&quot;end&quot;:100}},&quot;background_motion_fx_devices&quot;:[&quot;desktop&quot;,&quot;tablet&quot;,&quot;mobile&quot;]}\">\n\t\t\t\t<\/div>\n\t\t\t\t<\/div>\n\t\t<div class=\"elementor-element elementor-element-92382e2 e-flex e-con-boxed e-con e-parent\" data-id=\"92382e2\" data-element_type=\"container\" data-e-type=\"container\" data-settings=\"{&quot;jet_parallax_layout_list&quot;:[]}\">\n\t\t\t\t\t<div class=\"e-con-inner\">\n\t\t<div class=\"elementor-element elementor-element-ac0262b e-con-full e-flex e-con e-child\" data-id=\"ac0262b\" data-element_type=\"container\" data-e-type=\"container\" data-settings=\"{&quot;jet_parallax_layout_list&quot;:[],&quot;background_background&quot;:&quot;classic&quot;}\">\n\t\t\t\t<div class=\"elementor-element elementor-element-5a3ed0c elementor-widget__width-inherit elementor-widget elementor-widget-video\" data-id=\"5a3ed0c\" data-element_type=\"widget\" data-e-type=\"widget\" data-settings=\"{&quot;youtube_url&quot;:&quot;https:\\\/\\\/www.youtube.com\\\/watch?v=AQN9EWRbrls&quot;,&quot;video_type&quot;:&quot;youtube&quot;,&quot;controls&quot;:&quot;yes&quot;}\" data-widget_type=\"video.default\">\n\t\t\t\t\t\t\t<div class=\"elementor-wrapper elementor-open-inline\">\n\t\t\t<div class=\"elementor-video\"><\/div>\t\t<\/div>\n\t\t\t\t\t\t<\/div>\n\t\t\t\t<div class=\"elementor-element elementor-element-314d0a5 elementor-widget elementor-widget-heading\" data-id=\"314d0a5\" data-element_type=\"widget\" data-e-type=\"widget\" data-widget_type=\"heading.default\">\n\t\t\t\t\t<h2 class=\"elementor-heading-title elementor-size-default\">Webinar: Presentatie van de Wheeleo\u00ae<\/h2>\t\t\t\t<\/div>\n\t\t\t\t<div class=\"elementor-element elementor-element-a200e43 elementor-widget elementor-widget-text-editor\" data-id=\"a200e43\" data-element_type=\"widget\" data-e-type=\"widget\" data-widget_type=\"text-editor.default\">\n\t\t\t\t\t\t\t\t\t<p data-start=\"74\" data-end=\"200\"><strong data-start=\"120\" data-end=\"198\">Orateur : <a href=\"https:\/\/www.wheeleo.eu\/geoffroy\/\">Geoffroy Dellicour<\/a>, kin\u00e9sith\u00e9rapeute et inventeur du Wheeleo\u00ae<\/strong><\/p><p data-start=\"510\" data-end=\"533\">\ud83d\udca1 <strong data-start=\"513\" data-end=\"529\">Au programme<\/strong> :<\/p><ul data-start=\"534\" data-end=\"723\"><li data-start=\"534\" data-end=\"571\"><p data-start=\"536\" data-end=\"571\">Origine et conception du Wheeleo\u00ae<\/p><\/li><li data-start=\"572\" data-end=\"622\"><p data-start=\"574\" data-end=\"622\">Principes d\u2019utilisation et b\u00e9n\u00e9fices cliniques<\/p><\/li><li data-start=\"623\" data-end=\"681\"><p data-start=\"625\" data-end=\"681\">Comparaison avec les aides \u00e0 la marche traditionnelles<\/p><\/li><li data-start=\"682\" data-end=\"723\"><p data-start=\"684\" data-end=\"723\">Retours d\u2019exp\u00e9rience et cas pratiques<\/p><\/li><\/ul><p data-start=\"725\" data-end=\"885\">Cette formation est sp\u00e9cialement con\u00e7ue pour les <strong data-start=\"774\" data-end=\"801\">professionnels de sant\u00e9<\/strong> : kin\u00e9sith\u00e9rapeutes, ergoth\u00e9rapeutes, m\u00e9decins, infirmiers et \u00e9quipes soignantes.<\/p><p data-start=\"887\" data-end=\"996\">\ud83d\udd17 <strong data-start=\"890\" data-end=\"996\">D\u00e9couvrez comment le Wheeleo\u00ae peut enrichir vos pratiques et optimiser la r\u00e9\u00e9ducation de vos patients.<\/strong><\/p>\t\t\t\t\t\t\t\t<\/div>\n\t\t\t\t<\/div>\n\t\t<div class=\"elementor-element elementor-element-afa8eb2 e-con-full e-flex e-con e-child\" data-id=\"afa8eb2\" data-element_type=\"container\" data-e-type=\"container\" data-settings=\"{&quot;jet_parallax_layout_list&quot;:[],&quot;background_background&quot;:&quot;classic&quot;}\">\n\t\t\t\t<div class=\"elementor-element elementor-element-8da767e elementor-widget__width-inherit elementor-widget elementor-widget-video\" data-id=\"8da767e\" data-element_type=\"widget\" data-e-type=\"widget\" data-settings=\"{&quot;youtube_url&quot;:&quot;https:\\\/\\\/youtu.be\\\/PzwAeU_tlTQ&quot;,&quot;video_type&quot;:&quot;youtube&quot;,&quot;controls&quot;:&quot;yes&quot;}\" data-widget_type=\"video.default\">\n\t\t\t\t\t\t\t<div class=\"elementor-wrapper elementor-open-inline\">\n\t\t\t<div class=\"elementor-video\"><\/div>\t\t<\/div>\n\t\t\t\t\t\t<\/div>\n\t\t\t\t<div class=\"elementor-element elementor-element-527f664 elementor-widget elementor-widget-heading\" data-id=\"527f664\" data-element_type=\"widget\" data-e-type=\"widget\" data-widget_type=\"heading.default\">\n\t\t\t\t\t<h2 class=\"elementor-heading-title elementor-size-default\">Webinaire \u2013 L\u2019int\u00e9r\u00eat du Wheeleo\u00ae en neurologie\u200b \ud83e\udde0<\/h2>\t\t\t\t<\/div>\n\t\t\t\t<div class=\"elementor-element elementor-element-bb924b6 elementor-widget elementor-widget-text-editor\" data-id=\"bb924b6\" data-element_type=\"widget\" data-e-type=\"widget\" data-widget_type=\"text-editor.default\">\n\t\t\t\t\t\t\t\t\t<p data-start=\"74\" data-end=\"200\">D\u00e9couvrez comment le Wheeleo\u00ae peut transformer la <strong>r\u00e9\u00e9ducation<\/strong> des patients atteints de <strong>pathologies neurologiques.<\/strong><\/p><p data-start=\"74\" data-end=\"200\"><br data-start=\"219\" data-end=\"222\" \/><strong><a href=\"https:\/\/www.wheeleo.eu\/geoffroy\/\">Geoffroy Dellicour<\/a>,<\/strong> kin\u00e9sith\u00e9rapeute et co-fondateur, partage son expertise, ses observations cliniques et des exemples concrets d\u2019utilisation pour <strong>am\u00e9liorer la fluidit\u00e9, la s\u00e9curit\u00e9 et l\u2019autonomie \u00e0 la marche.<\/strong><\/p>\t\t\t\t\t\t\t\t<\/div>\n\t\t\t\t<\/div>\n\t\t<div class=\"elementor-element elementor-element-aae5c07 e-con-full e-flex e-con e-child\" data-id=\"aae5c07\" data-element_type=\"container\" data-e-type=\"container\" data-settings=\"{&quot;jet_parallax_layout_list&quot;:[],&quot;background_background&quot;:&quot;classic&quot;}\">\n\t\t\t\t<div class=\"elementor-element elementor-element-5bc1156 elementor-widget__width-inherit elementor-widget elementor-widget-image\" data-id=\"5bc1156\" data-element_type=\"widget\" data-e-type=\"widget\" data-widget_type=\"image.default\">\n\t\t\t\t\t\t\t\t\t\t\t\t\t\t\t\t<a href=\"https:\/\/app.fullphysio.com\/\" target=\"_blank\" rel=\"noopener\">\n\t\t\t\t\t\t\t<img loading=\"lazy\" decoding=\"async\" loading=\"lazy\" width=\"996\" height=\"557\" src=\"https:\/\/www.wheeleo.eu\/wp-content\/uploads\/2025\/08\/fullphysio_Geof_ATM.png\" class=\"attachment-1536x1536 size-1536x1536 wp-image-13865\" alt=\"\" srcset=\"https:\/\/www.wheeleo.eu\/wp-content\/uploads\/2025\/08\/fullphysio_Geof_ATM.png 996w, https:\/\/www.wheeleo.eu\/wp-content\/uploads\/2025\/08\/fullphysio_Geof_ATM-300x168.png 300w, https:\/\/www.wheeleo.eu\/wp-content\/uploads\/2025\/08\/fullphysio_Geof_ATM-768x429.png 768w, https:\/\/www.wheeleo.eu\/wp-content\/uploads\/2025\/08\/fullphysio_Geof_ATM-600x336.png 600w\" sizes=\"auto, (max-width: 996px) 100vw, 996px\" \/>\t\t\t\t\t\t\t\t<\/a>\n\t\t\t\t\t\t\t\t\t\t\t\t\t\t\t<\/div>\n\t\t\t\t<div class=\"elementor-element elementor-element-2210393 elementor-widget elementor-widget-heading\" data-id=\"2210393\" data-element_type=\"widget\" data-e-type=\"widget\" data-widget_type=\"heading.default\">\n\t\t\t\t\t<h2 class=\"elementor-heading-title elementor-size-default\">Webinaire \u2013 Aide \u00e0 la mobilit\u00e9 : Quels crit\u00e8res pour bien choisir ?<\/h2>\t\t\t\t<\/div>\n\t\t\t\t<div class=\"elementor-element elementor-element-7a5b9fe elementor-widget elementor-widget-text-editor\" data-id=\"7a5b9fe\" data-element_type=\"widget\" data-e-type=\"widget\" data-widget_type=\"text-editor.default\">\n\t\t\t\t\t\t\t\t\t<p><strong data-start=\"120\" data-end=\"198\">Orateur : <a href=\"https:\/\/www.wheeleo.eu\/geoffroy\/\">Geoffroy Dellicour<\/a>, kin\u00e9sith\u00e9rapeute et inventeur du Wheeleo\u00ae.<\/strong><\/p><p>Disponible gratuitement sur inscription sur la plateforme de formation <a href=\"https:\/\/app.fullphysio.com\/\" target=\"_blank\" rel=\"noopener\">Fullphysio<\/a><\/p><p><a href=\"https:\/\/app.fullphysio.com\/\" target=\"_blank\" rel=\"noopener\"><img decoding=\"async\" class=\"alignnone size-full wp-image-13867\" src=\"https:\/\/www.wheeleo.eu\/wp-content\/uploads\/2025\/08\/fullphysio_logo.png\" alt=\"\" width=\"170\" height=\"49\" \/><\/a><\/p>\t\t\t\t\t\t\t\t<\/div>\n\t\t\t\t<\/div>\n\t\t\t\t\t<\/div>\n\t\t\t\t<\/div>\n\t\t<div class=\"elementor-element elementor-element-3844caa e-flex e-con-boxed e-con e-parent\" data-id=\"3844caa\" data-element_type=\"container\" data-e-type=\"container\" data-settings=\"{&quot;jet_parallax_layout_list&quot;:[]}\">\n\t\t\t\t\t<div class=\"e-con-inner\">\n\t\t\t\t<div class=\"elementor-element elementor-element-fd80e8e elementor-cta--skin-classic elementor-animated-content elementor-bg-transform elementor-bg-transform-zoom-in elementor-widget elementor-widget-global elementor-global-5185 elementor-global-2148 elementor-widget-call-to-action\" data-id=\"fd80e8e\" data-element_type=\"widget\" data-e-type=\"widget\" data-widget_type=\"call-to-action.default\">\n\t\t\t\t\t\t\t<div class=\"elementor-cta\">\n\t\t\t\t\t<div class=\"elementor-cta__bg-wrapper\">\n\t\t\t\t<div class=\"elementor-cta__bg elementor-bg\" style=\"background-image: url(https:\/\/www.wheeleo.eu\/wp-content\/uploads\/2023\/12\/tester-le-wheeleo-1024x279.png);\" role=\"img\" aria-label=\"tester-le-wheeleo\"><\/div>\n\t\t\t\t<div class=\"elementor-cta__bg-overlay\"><\/div>\n\t\t\t<\/div>\n\t\t\t\t\t\t\t<div class=\"elementor-cta__content\">\n\t\t\t\t\n\t\t\t\t\t\t\t\t\t<h2 class=\"elementor-cta__title elementor-cta__content-item elementor-content-item\">\n\t\t\t\t\t\tProbeer Wheeleo\u00ae uit!\t\t\t\t\t<\/h2>\n\t\t\t\t\n\t\t\t\t\t\t\t\t\t<div class=\"elementor-cta__description elementor-cta__content-item elementor-content-item\">\n\t\t\t\t\t\t<p>Ontdek Wheeleo\u00ae nu! Een eenvoudige, innovatieve ervaring, klaar om je dagelijks leven te veranderen. Test het uit en ervaar vandaag nog het verschil!<\/p>\n\t\t\t\t\t<\/div>\n\t\t\t\t\n\t\t\t\t\t\t\t\t\t<div class=\"elementor-cta__button-wrapper elementor-cta__content-item elementor-content-item \">\n\t\t\t\t\t<a class=\"elementor-cta__button elementor-button elementor-size-\" href=\"https:\/\/www.wheeleo.eu\/nl\/test-de-wheeleo\/\">\n\t\t\t\t\t\tIk wil Wheeleo\u00ae testen.\t\t\t\t\t<\/a>\n\t\t\t\t\t<\/div>\n\t\t\t\t\t\t\t<\/div>\n\t\t\t\t\t\t<\/div>\n\t\t\t\t\t\t<\/div>\n\t\t\t\t\t<\/div>\n\t\t\t\t<\/div>\n\t\t\t\t<\/div>\n\t\t","protected":false},"excerpt":{"rendered":"<p>Bekijk de herhalingen van onze webinars Wheeleo\u00ae! Krijg toegang tot een schat aan informatie over ons innovatieve product en de praktische toepassingen ervan. Bekijk onze speciale pagina om eerdere sessies te bekijken en op de hoogte te blijven van alles wat met Wheeleo\u00ae te maken heeft. Presentatie van Wheeleo\u00ae De voordelen van Wheeleo\u00ae in de [&hellip;]<\/p>\n","protected":false},"author":1,"featured_media":0,"parent":0,"menu_order":0,"comment_status":"closed","ping_status":"closed","template":"elementor_header_footer","meta":{"footnotes":""},"class_list":["post-5384","page","type-page","status-publish","hentry"],"_links":{"self":[{"href":"https:\/\/www.wheeleo.eu\/nl\/wp-json\/wp\/v2\/pages\/5384","targetHints":{"allow":["GET"]}}],"collection":[{"href":"https:\/\/www.wheeleo.eu\/nl\/wp-json\/wp\/v2\/pages"}],"about":[{"href":"https:\/\/www.wheeleo.eu\/nl\/wp-json\/wp\/v2\/types\/page"}],"author":[{"embeddable":true,"href":"https:\/\/www.wheeleo.eu\/nl\/wp-json\/wp\/v2\/users\/1"}],"replies":[{"embeddable":true,"href":"https:\/\/www.wheeleo.eu\/nl\/wp-json\/wp\/v2\/comments?post=5384"}],"version-history":[{"count":2,"href":"https:\/\/www.wheeleo.eu\/nl\/wp-json\/wp\/v2\/pages\/5384\/revisions"}],"predecessor-version":[{"id":7376,"href":"https:\/\/www.wheeleo.eu\/nl\/wp-json\/wp\/v2\/pages\/5384\/revisions\/7376"}],"wp:attachment":[{"href":"https:\/\/www.wheeleo.eu\/nl\/wp-json\/wp\/v2\/media?parent=5384"}],"curies":[{"name":"wp","href":"https:\/\/api.w.org\/{rel}","templated":true}]}}