{"id":20275,"date":"2024-12-12T13:57:39","date_gmt":"2024-12-12T12:57:39","guid":{"rendered":"https:\/\/www.wheeleo.eu\/produit\/wheebag-ohne-befestigung\/"},"modified":"2024-12-12T13:57:39","modified_gmt":"2024-12-12T12:57:39","slug":"wheebag-ohne-befestigung","status":"publish","type":"product","link":"https:\/\/www.wheeleo.eu\/de\/produit\/wheebag-ohne-befestigung\/","title":{"rendered":"WheeBag\u00ae (Ohne Befestigung)"},"content":{"rendered":"<h2>Der WheeBag\u00ae: das praktische und vielseitige Zubeh\u00f6r f\u00fcr Ihr Wheeleo\u00ae und vieles mehr.<\/h2>\n<p><strong>Der WheeBag\u00ae, an Ihrem Wheeleo\u00ae befestigt,<\/strong> erm\u00f6glicht es Ihnen, Ihre Gegenst\u00e4nde wie Ihr Smartphone, Ihre Schl\u00fcssel oder Ihr Portemonnaie einfach zu transportieren. Seine Gr\u00f6\u00dfe ist perfekt an das Wheeleo\u00ae angepasst. <\/p>\n<p>Der WheeBag\u00ae wurde mit gr\u00f6\u00dfter Sorgfalt entwickelt. Er ist designorientiert, praktisch, robust und sicher. Ausgestattet mit zwei Rei\u00dfverschlussringen bietet er einfachen Zugang zu Ihren pers\u00f6nlichen Gegenst\u00e4nden und verf\u00fcgt \u00fcber ein einfaches und sicheres Klicksystem, mit dem die Tasche an Ihrer Mobilit\u00e4tshilfe befestigt werden kann. Der Adapter (standardm\u00e4\u00dfig nicht enthalten) ist zudem mit einem Diebstahlschutzsystem ausgestattet, um Ihnen auf Reisen Sorgenfreiheit zu garantieren.   <\/p>\n<p>==&gt; Ben\u00f6tigen Sie eine Befestigung f\u00fcr den WheeBag\u00ae&#xfe0f;? Entscheiden Sie sich f\u00fcr das <a href=\"https:\/\/www.wheeleo.eu\/de\/produit\/wheebag-kit\/\">WheeBag\u00ae&#xfe0f; Kit<\/a> ! <\/p>\n<p>Doch der WheeBag\u00ae geht noch weiter! Er ist mit anderen Mobilit\u00e4tshilfen kompatibel, wie zum Beispiel bestimmten Rollatoren und Rollst\u00fchlen. Diese Vielseitigkeit macht ihn zu einem unverzichtbaren Zubeh\u00f6r f\u00fcr Nutzer, die zwischen verschiedenen Mobilit\u00e4tsl\u00f6sungen wechseln. Mit einer an jeder Ihrer Hilfen installierten Befestigung k\u00f6nnen Sie Ihren WheeBag\u00ae im Handumdrehen von einem Wheeleo\u00ae zu einem Rollator oder Rollstuhl wechseln, je nach Ihren aktuellen Bed\u00fcrfnissen.   <\/p>\n<p>Der WheeBag\u00ae ist nicht auf das Wheeleo\u00ae beschr\u00e4nkt. Auch wenn Sie kein Wheeleo\u00ae verwenden, bleibt diese Tasche eine ideale Wahl f\u00fcr diejenigen, die sich ausschlie\u00dflich im Rollstuhl oder mit einem Rollator fortbewegen. Er erf\u00fcllt perfekt die Bed\u00fcrfnisse von Nutzern, die Praktikabilit\u00e4t und Eleganz beim Transport ihrer wichtigen Gegenst\u00e4nde verbinden m\u00f6chten.  <\/p>\n<p><strong>Dank seines funktionalen Designs und seiner Robustheit ist der WheeBag\u00ae weit mehr als nur ein Zubeh\u00f6r: <\/strong><strong>er ist ein unverzichtbarer Begleiter f\u00fcr all Ihre Wege.<\/strong><\/p>\n<p><span style=\"color: #ff0000;\">Achtung, dieses Produkt enth\u00e4lt keine Befestigung. <\/span><\/p>\n<p><a href=\"https:\/\/www.wheeleo.eu\/de\/produit\/wheebag-kit\/\"><span style=\"color: #000000;\">Entscheiden Sie sich f\u00fcr das WheeBag Kit, um den WheeBag\u00ae&#xfe0f; mit inkludierter Befestigung zu nutzen.<\/span><\/a><\/p>\n<p>&nbsp;<\/p>\n","protected":false},"excerpt":{"rendered":"<h2>Der WheeBag\u00ae: das praktische und vielseitige Zubeh\u00f6r f\u00fcr Ihr Wheeleo\u00ae und vieles mehr.<\/h2>\n<p><strong>Der WheeBag\u00ae, an Ihrem Wheeleo\u00ae befestigt,<\/strong> erm\u00f6glicht es Ihnen, Ihre Gegenst\u00e4nde wie Ihr Smartphone, Ihre Schl\u00fcssel oder Ihr Portemonnaie einfach zu transportieren. Seine Gr\u00f6\u00dfe ist perfekt an das Wheeleo\u00ae angepasst. <\/p>\n<p>Der WheeBag\u00ae wurde mit gr\u00f6\u00dfter Sorgfalt entwickelt. Er ist designorientiert, praktisch, robust und sicher. Ausgestattet mit zwei Rei\u00dfverschlussringen bietet er einfachen Zugang zu Ihren pers\u00f6nlichen Gegenst\u00e4nden und verf\u00fcgt \u00fcber ein einfaches und sicheres Klicksystem, mit dem die Tasche an Ihrer Mobilit\u00e4tshilfe befestigt werden kann. Der Adapter (standardm\u00e4\u00dfig nicht enthalten) ist zudem mit einem Diebstahlschutzsystem ausgestattet, um Ihnen auf Reisen Sorgenfreiheit zu garantieren.   <\/p>\n<p>==&gt; Ben\u00f6tigen Sie eine Befestigung f\u00fcr den WheeBag\u00ae&#xfe0f;? Entscheiden Sie sich f\u00fcr das WheeBag\u00ae&#xfe0f; Kit ! <\/p>\n<p>Doch der WheeBag\u00ae geht noch weiter! Er ist mit anderen Mobilit\u00e4tshilfen kompatibel, wie zum Beispiel bestimmten Rollatoren und Rollst\u00fchlen. Diese Vielseitigkeit macht ihn zu einem unverzichtbaren Zubeh\u00f6r f\u00fcr Nutzer, die zwischen verschiedenen Mobilit\u00e4tsl\u00f6sungen wechseln. Mit einer an jeder Ihrer Hilfen installierten Befestigung k\u00f6nnen Sie Ihren WheeBag\u00ae im Handumdrehen von einem Wheeleo\u00ae zu einem Rollator oder Rollstuhl wechseln, je nach Ihren aktuellen Bed\u00fcrfnissen.   <\/p>\n<p>Der WheeBag\u00ae ist nicht auf das Wheeleo\u00ae beschr\u00e4nkt. Auch wenn Sie kein Wheeleo\u00ae verwenden, bleibt diese Tasche eine ideale Wahl f\u00fcr diejenigen, die sich ausschlie\u00dflich im Rollstuhl oder mit einem Rollator fortbewegen. Er erf\u00fcllt perfekt die Bed\u00fcrfnisse von Nutzern, die Praktikabilit\u00e4t und Eleganz beim Transport ihrer wichtigen Gegenst\u00e4nde verbinden m\u00f6chten.  <\/p>\n<p><strong>Dank seines funktionalen Designs und seiner Robustheit ist der WheeBag\u00ae weit mehr als nur ein Zubeh\u00f6r: <\/strong><strong>er ist ein unverzichtbarer Begleiter f\u00fcr all Ihre Wege.<\/strong><\/p>\n<p>Achtung, dieses Produkt enth\u00e4lt keine Befestigung.<\/p>\n","protected":false},"featured_media":20270,"comment_status":"closed","ping_status":"closed","template":"","meta":[],"product_brand":[],"product_cat":[413],"product_tag":[],"class_list":{"0":"post-20275","1":"product","2":"type-product","3":"status-publish","4":"has-post-thumbnail","6":"product_cat-rollator-zubehor","8":"first","9":"instock","10":"taxable","11":"shipping-taxable","12":"purchasable","13":"product-type-simple"},"_links":{"self":[{"href":"https:\/\/www.wheeleo.eu\/de\/wp-json\/wp\/v2\/product\/20275","targetHints":{"allow":["GET"]}}],"collection":[{"href":"https:\/\/www.wheeleo.eu\/de\/wp-json\/wp\/v2\/product"}],"about":[{"href":"https:\/\/www.wheeleo.eu\/de\/wp-json\/wp\/v2\/types\/product"}],"replies":[{"embeddable":true,"href":"https:\/\/www.wheeleo.eu\/de\/wp-json\/wp\/v2\/comments?post=20275"}],"version-history":[{"count":0,"href":"https:\/\/www.wheeleo.eu\/de\/wp-json\/wp\/v2\/product\/20275\/revisions"}],"wp:featuredmedia":[{"embeddable":true,"href":"https:\/\/www.wheeleo.eu\/de\/wp-json\/wp\/v2\/media\/20270"}],"wp:attachment":[{"href":"https:\/\/www.wheeleo.eu\/de\/wp-json\/wp\/v2\/media?parent=20275"}],"wp:term":[{"taxonomy":"product_brand","embeddable":true,"href":"https:\/\/www.wheeleo.eu\/de\/wp-json\/wp\/v2\/product_brand?post=20275"},{"taxonomy":"product_cat","embeddable":true,"href":"https:\/\/www.wheeleo.eu\/de\/wp-json\/wp\/v2\/product_cat?post=20275"},{"taxonomy":"product_tag","embeddable":true,"href":"https:\/\/www.wheeleo.eu\/de\/wp-json\/wp\/v2\/product_tag?post=20275"}],"curies":[{"name":"wp","href":"https:\/\/api.w.org\/{rel}","templated":true}]}}