{"id":20262,"date":"2024-12-12T13:50:38","date_gmt":"2024-12-12T12:50:38","guid":{"rendered":"https:\/\/www.wheeleo.eu\/produit\/wheebag-kit\/"},"modified":"2025-12-19T11:27:06","modified_gmt":"2025-12-19T10:27:06","slug":"wheebag-kit","status":"publish","type":"product","link":"https:\/\/www.wheeleo.eu\/de\/produit\/wheebag-kit\/","title":{"rendered":"WheeBag\u00ae Kit"},"content":{"rendered":"\t\t<div data-elementor-type=\"product-post\" data-elementor-id=\"20262\" class=\"elementor elementor-20262 elementor-9377\" data-elementor-post-type=\"product\">\n\t\t\t\t<div class=\"elementor-element elementor-element-2141c134 e-flex e-con-boxed e-con e-parent\" data-id=\"2141c134\" data-element_type=\"container\" data-e-type=\"container\" data-settings=\"{&quot;jet_parallax_layout_list&quot;:[]}\">\n\t\t\t\t\t<div class=\"e-con-inner\">\n\t\t\t\t<div class=\"elementor-element elementor-element-b3b46df elementor-widget elementor-widget-text-editor\" data-id=\"b3b46df\" data-element_type=\"widget\" data-e-type=\"widget\" data-widget_type=\"text-editor.default\">\n\t\t\t\t\t\t\t\t\t<h3>WheeBag\u00ae Kit = WheeBag\u00ae + Befestigung AD2<\/h3><h3> <\/h3><h3>Der WheeBag\u00ae: das praktische und vielseitige Zubeh\u00f6r f\u00fcr Ihr Wheeleo\u00ae und vieles mehr.<\/h3><p>Der am Wheeleo\u00ae befestigte WheeBag\u00ae erm\u00f6glicht Ihnen den einfachen Transport von Gegenst\u00e4nden wie Smartphone, Schl\u00fcsseln oder Geldb\u00f6rse. Seine Gr\u00f6\u00dfe ist perfekt an das Wheeleo\u00ae angepasst. <\/p><p>Der WheeBag\u00ae wird mit gr\u00f6\u00dfter Sorgfalt gefertigt. Er ist designorientiert, praktisch, robust und sicher. Ausgestattet mit zwei Rei\u00dfverschlussringen, bietet er einfachen Zugriff auf Ihre pers\u00f6nlichen Gegenst\u00e4nde und verf\u00fcgt \u00fcber ein einfaches und sicheres Klicksystem, um die Tasche an Ihrer Mobilit\u00e4tshilfe zu befestigen. Der in diesem Kit enthaltene Adapter (AD2) ist zudem mit einem Diebstahlschutzsystem ausgestattet, um Ihnen unterwegs Sorgenfreiheit zu garantieren.   <\/p><p>Doch der WheeBag\u00ae kann noch mehr! Er ist kompatibel mit anderen Mobilit\u00e4tshilfen, wie bestimmten Rollatoren und Rollst\u00fchlen. Diese Vielseitigkeit macht ihn zu einem unverzichtbaren Zubeh\u00f6r f\u00fcr Nutzer, die zwischen verschiedenen Mobilit\u00e4tsl\u00f6sungen wechseln. Mit einer an jeder Ihrer Hilfen installierten Befestigung k\u00f6nnen Sie Ihren WheeBag\u00ae im Handumdrehen von einem Wheeleo\u00ae zu einem Rollator oder Rollstuhl wechseln, je nach Ihren aktuellen Bed\u00fcrfnissen.   <\/p><p>Der WheeBag\u00ae ist nicht auf das Wheeleo\u00ae beschr\u00e4nkt. Auch wenn Sie kein Wheeleo\u00ae nutzen, bleibt diese Tasche eine ideale Wahl f\u00fcr diejenigen, die sich ausschlie\u00dflich im Rollstuhl oder mit einem Rollator fortbewegen. Er erf\u00fcllt perfekt die Bed\u00fcrfnisse von Nutzern, die Praktikabilit\u00e4t und Eleganz beim Transport ihrer wichtigen Gegenst\u00e4nde verbinden m\u00f6chten.  <\/p><p>Dank seines funktionalen Designs und seiner Robustheit ist der WheeBag\u00ae weit mehr als nur ein Zubeh\u00f6r: Er ist ein unverzichtbarer Begleiter f\u00fcr all Ihre Wege.<\/p><p>Wenn Sie auch ein Wheeleo\u00ae kaufen, beachten Sie, dass die Lieferung des WheeBag\u00ae separat vom Wheeleo\u00ae erfolgt.<\/p>\t\t\t\t\t\t\t\t<\/div>\n\t\t\t\t<div class=\"elementor-element elementor-element-8e29cb0 elementor-widget elementor-widget-video\" data-id=\"8e29cb0\" data-element_type=\"widget\" data-e-type=\"widget\" data-settings=\"{&quot;youtube_url&quot;:&quot;https:\\\/\\\/youtu.be\\\/GLBHlaqw_gQ&quot;,&quot;video_type&quot;:&quot;youtube&quot;,&quot;controls&quot;:&quot;yes&quot;}\" data-widget_type=\"video.default\">\n\t\t\t\t\t\t\t<div class=\"elementor-wrapper elementor-open-inline\">\n\t\t\t<div class=\"elementor-video\"><\/div>\t\t<\/div>\n\t\t\t\t\t\t<\/div>\n\t\t\t\t\t<\/div>\n\t\t\t\t<\/div>\n\t\t\t\t<\/div>\n\t\t","protected":false},"excerpt":{"rendered":"<p>WheeBag\u00ae Kit = WheeBag\u00ae + Befestigung AD2 Der WheeBag\u00ae: das praktische und vielseitige Zubeh\u00f6r f\u00fcr Ihr Wheeleo\u00ae und vieles mehr. Der am Wheeleo\u00ae befestigte WheeBag\u00ae erm\u00f6glicht Ihnen den einfachen Transport von Gegenst\u00e4nden wie Smartphone, Schl\u00fcsseln oder Geldb\u00f6rse. Seine Gr\u00f6\u00dfe ist perfekt an das Wheeleo\u00ae angepasst. Der WheeBag\u00ae wird mit gr\u00f6\u00dfter Sorgfalt gefertigt. Er ist designorientiert, [&hellip;]<\/p>\n","protected":false},"featured_media":20263,"comment_status":"closed","ping_status":"closed","template":"","meta":[],"product_brand":[],"product_cat":[413],"product_tag":[],"class_list":{"0":"post-20262","1":"product","2":"type-product","3":"status-publish","4":"has-post-thumbnail","6":"product_cat-rollator-zubehor","8":"first","9":"instock","10":"taxable","11":"shipping-taxable","12":"purchasable","13":"product-type-simple"},"_links":{"self":[{"href":"https:\/\/www.wheeleo.eu\/de\/wp-json\/wp\/v2\/product\/20262","targetHints":{"allow":["GET"]}}],"collection":[{"href":"https:\/\/www.wheeleo.eu\/de\/wp-json\/wp\/v2\/product"}],"about":[{"href":"https:\/\/www.wheeleo.eu\/de\/wp-json\/wp\/v2\/types\/product"}],"replies":[{"embeddable":true,"href":"https:\/\/www.wheeleo.eu\/de\/wp-json\/wp\/v2\/comments?post=20262"}],"version-history":[{"count":1,"href":"https:\/\/www.wheeleo.eu\/de\/wp-json\/wp\/v2\/product\/20262\/revisions"}],"predecessor-version":[{"id":20272,"href":"https:\/\/www.wheeleo.eu\/de\/wp-json\/wp\/v2\/product\/20262\/revisions\/20272"}],"wp:featuredmedia":[{"embeddable":true,"href":"https:\/\/www.wheeleo.eu\/de\/wp-json\/wp\/v2\/media\/20263"}],"wp:attachment":[{"href":"https:\/\/www.wheeleo.eu\/de\/wp-json\/wp\/v2\/media?parent=20262"}],"wp:term":[{"taxonomy":"product_brand","embeddable":true,"href":"https:\/\/www.wheeleo.eu\/de\/wp-json\/wp\/v2\/product_brand?post=20262"},{"taxonomy":"product_cat","embeddable":true,"href":"https:\/\/www.wheeleo.eu\/de\/wp-json\/wp\/v2\/product_cat?post=20262"},{"taxonomy":"product_tag","embeddable":true,"href":"https:\/\/www.wheeleo.eu\/de\/wp-json\/wp\/v2\/product_tag?post=20262"}],"curies":[{"name":"wp","href":"https:\/\/api.w.org\/{rel}","templated":true}]}}