{"id":20149,"date":"2024-11-12T16:30:24","date_gmt":"2024-11-12T15:30:24","guid":{"rendered":"https:\/\/www.wheeleo.eu\/produit\/mieten-sie-ihr-wheeleo\/"},"modified":"2026-04-02T11:35:44","modified_gmt":"2026-04-02T09:35:44","slug":"mieten-sie-ihr-wheeleo","status":"publish","type":"product","link":"https:\/\/www.wheeleo.eu\/de\/produit\/mieten-sie-ihr-wheeleo\/","title":{"rendered":"Mieten Sie Ihr Wheeleo\u00ae"},"content":{"rendered":"\t\t<div data-elementor-type=\"product-post\" data-elementor-id=\"20149\" class=\"elementor elementor-20149 elementor-9040\" data-elementor-post-type=\"product\">\n\t\t\t\t<div class=\"elementor-element elementor-element-bdd8a51 e-flex e-con-boxed e-con e-parent\" data-id=\"bdd8a51\" data-element_type=\"container\" data-e-type=\"container\" data-settings=\"{&quot;jet_parallax_layout_list&quot;:[]}\">\n\t\t\t\t\t<div class=\"e-con-inner\">\n\t\t\t\t<div class=\"elementor-element elementor-element-7a56a42 elementor-widget elementor-widget-text-editor\" data-id=\"7a56a42\" data-element_type=\"widget\" data-e-type=\"widget\" data-widget_type=\"text-editor.default\">\n\t\t\t\t\t\t\t\t\t<h2><strong>Wheeleo\u00ae, Ihr Begleiter f\u00fcr die Mobilit\u00e4t der n\u00e4chsten Generation&nbsp;<\/strong><\/h2>\n<p>Der Wheeleo\u00ae ist super einfach zu bedienen. Ultra-intuitiv platziert der Benutzer ihn immer an der richtigen Stelle neben sich, um Stabilit\u00e4t und Gleichgewicht zu gew\u00e4hrleisten. Und das alles, ohne dar\u00fcber nachzudenken!<\/p>\n<p>Oft als \u201eGehstock mit vier Rollen\u201c bezeichnet, ist der Wheeleo\u00ae aufgrund seiner Funktionen&nbsp;<strong>ein echter Einhand-Gehwagen.<\/strong> Wie ein Gehwagen bietet der Wheeleo\u00ae dem Benutzer kontinuierliche Unterst\u00fctzung, jedoch mit der Besonderheit, dass er mit nur einer Hand bedient wird. Diese innovative Eigenschaft erm\u00f6glicht eine gr\u00f6\u00dfere &nbsp;<strong>Bewegungsfreiheit<\/strong> und eine praktischere Nutzung f\u00fcr Personen, die Unterst\u00fctzung ben\u00f6tigen und dabei&nbsp;<strong>eine Hand frei behalten m\u00f6chten.<\/strong><\/p>\n<p>Von Physiotherapeuten entwickelt, ist der Wheeleo\u00ae eine Gehhilfe der neuen Generation.<\/p>\n<p>Sichern Sie sich ab und reduzieren Sie das Sturzrisiko dank des Wheeleo\u00ae, der Ihnen <strong>Komfort und Stabilit\u00e4t<\/strong> mit Stil und Eleganz bietet.<\/p>\n<p>Der Wheeleo\u00ae ist ein innovatives Hilfsmittel, das besonders von Personen gesch\u00e4tzt wird, die Schwierigkeiten haben, herk\u00f6mmliche Gehst\u00f6cke (mit 1, 3 oder 4 F\u00fc\u00dfen), klassische Gehwagen oder Rollatoren zu handhaben.<\/p>\n<p data-pm-slice=\"1 1 []\"><strong>M\u00f6chten Sie den Wheeleo\u00ae vor dem Kauf testen?<\/strong> Wir haben die L\u00f6sung f\u00fcr Sie!<\/p>\n<p>Tats\u00e4chlich haben Sie die M\u00f6glichkeit, das Wheeleo<strong>\u00ae<\/strong> zwei Wochen lang zu testen. Wenn Sie das Wheeleo<strong>\u00ae<\/strong> nach Ablauf der zwei Wochen behalten m\u00f6chten, erstatten wir Ihnen die Mietgeb\u00fchr! <\/p>\t\t\t\t\t\t\t\t<\/div>\n\t\t\t\t\t<\/div>\n\t\t\t\t<\/div>\n\t\t\t\t<\/div>\n\t\t","protected":false},"excerpt":{"rendered":"<p>Wheeleo\u00ae, Ihr Begleiter f\u00fcr die Mobilit\u00e4t der n\u00e4chsten Generation&nbsp; Der Wheeleo\u00ae ist super einfach zu bedienen. Ultra-intuitiv platziert der Benutzer ihn immer an der richtigen Stelle neben sich, um Stabilit\u00e4t und Gleichgewicht zu gew\u00e4hrleisten. Und das alles, ohne dar\u00fcber nachzudenken! Oft als \u201eGehstock mit vier Rollen\u201c bezeichnet, ist der Wheeleo\u00ae aufgrund seiner Funktionen&nbsp;ein echter Einhand-Gehwagen. [&hellip;]<\/p>\n","protected":false},"featured_media":20150,"comment_status":"open","ping_status":"closed","template":"","meta":[],"product_brand":[],"product_cat":[413],"product_tag":[],"class_list":{"0":"post-20149","1":"product","2":"type-product","3":"status-publish","4":"has-post-thumbnail","6":"product_cat-rollator-zubehor","8":"first","9":"instock","10":"taxable","11":"shipping-taxable","12":"purchasable","13":"product-type-variable"},"_links":{"self":[{"href":"https:\/\/www.wheeleo.eu\/de\/wp-json\/wp\/v2\/product\/20149","targetHints":{"allow":["GET"]}}],"collection":[{"href":"https:\/\/www.wheeleo.eu\/de\/wp-json\/wp\/v2\/product"}],"about":[{"href":"https:\/\/www.wheeleo.eu\/de\/wp-json\/wp\/v2\/types\/product"}],"replies":[{"embeddable":true,"href":"https:\/\/www.wheeleo.eu\/de\/wp-json\/wp\/v2\/comments?post=20149"}],"version-history":[{"count":2,"href":"https:\/\/www.wheeleo.eu\/de\/wp-json\/wp\/v2\/product\/20149\/revisions"}],"predecessor-version":[{"id":20657,"href":"https:\/\/www.wheeleo.eu\/de\/wp-json\/wp\/v2\/product\/20149\/revisions\/20657"}],"wp:featuredmedia":[{"embeddable":true,"href":"https:\/\/www.wheeleo.eu\/de\/wp-json\/wp\/v2\/media\/20150"}],"wp:attachment":[{"href":"https:\/\/www.wheeleo.eu\/de\/wp-json\/wp\/v2\/media?parent=20149"}],"wp:term":[{"taxonomy":"product_brand","embeddable":true,"href":"https:\/\/www.wheeleo.eu\/de\/wp-json\/wp\/v2\/product_brand?post=20149"},{"taxonomy":"product_cat","embeddable":true,"href":"https:\/\/www.wheeleo.eu\/de\/wp-json\/wp\/v2\/product_cat?post=20149"},{"taxonomy":"product_tag","embeddable":true,"href":"https:\/\/www.wheeleo.eu\/de\/wp-json\/wp\/v2\/product_tag?post=20149"}],"curies":[{"name":"wp","href":"https:\/\/api.w.org\/{rel}","templated":true}]}}