{"id":19762,"date":"2024-10-04T09:37:30","date_gmt":"2024-10-04T07:37:30","guid":{"rendered":"https:\/\/www.wheeleo.eu\/produit\/4er-pack-wheeleo-v2-raeder\/"},"modified":"2024-10-04T09:37:30","modified_gmt":"2024-10-04T07:37:30","slug":"4er-pack-wheeleo-v2-raeder","status":"publish","type":"product","link":"https:\/\/www.wheeleo.eu\/de\/produit\/4er-pack-wheeleo-v2-raeder\/","title":{"rendered":"4er-Pack Wheeleo\u00ae V2 R\u00e4der"},"content":{"rendered":"<p>Set bestehend aus 4 R\u00e4dern, kompatibel mit V2-Modellen.<\/p>\n<p>Kompatibilit\u00e4t (REF):<\/p>\n<ul>\n<li>Wheeleo-V2<\/li>\n<li>Wheeleo-V2\/5021<\/li>\n<li>Wheeleo-V2\/5009<\/li>\n<li>Wheeleo-V2\/3003<\/li>\n<li>Wheeleo-V2\/9005<\/li>\n<\/ul>\n<p>Um die R\u00e4der zu wechseln, ben\u00f6tigen Sie einen extraflachen Schraubenschl\u00fcssel (Fahrradkurbel) sowie Schraubensicherungskleber.<\/p>\n<p><a href=\"https:\/\/www.wheeleo.eu\/de\/kontakt\/\">Kontaktieren Sie uns<\/a> f\u00fcr weitere Informationen.<\/p>\n","protected":false},"excerpt":{"rendered":"<p>Set bestehend aus 4 R\u00e4dern, kompatibel mit V2-Modellen (Ersatzr\u00e4der).<\/p>\n<p>Kompatibilit\u00e4t (REF):<\/p>\n<ul>\n<li>Wheeleo-V2 (Herstellungsjahr: ab 2022)<\/li>\n<li>Wheeleo-V2\/5021<\/li>\n<li>Wheeleo-V2\/5009<\/li>\n<li>Wheeleo-V2\/3003<\/li>\n<li>Wheeleo-V2\/9005<\/li>\n<\/ul>\n<p>Um die R\u00e4der zu wechseln, ben\u00f6tigen Sie einen extraflachen Schraubenschl\u00fcssel (Fahrradkurbel) sowie Schraubensicherungskleber.<\/p>\n<p><a href=\"https:\/\/www.wheeleo.eu\/de\/kontakt\/\">Kontaktieren Sie uns<\/a> f\u00fcr weitere Informationen.<\/p>\n","protected":false},"featured_media":19764,"comment_status":"closed","ping_status":"closed","template":"","meta":[],"product_brand":[],"product_cat":[413],"product_tag":[],"class_list":{"0":"post-19762","1":"product","2":"type-product","3":"status-publish","4":"has-post-thumbnail","6":"product_cat-rollator-zubehor","8":"first","9":"instock","10":"taxable","11":"shipping-taxable","12":"purchasable","13":"product-type-simple"},"_links":{"self":[{"href":"https:\/\/www.wheeleo.eu\/de\/wp-json\/wp\/v2\/product\/19762","targetHints":{"allow":["GET"]}}],"collection":[{"href":"https:\/\/www.wheeleo.eu\/de\/wp-json\/wp\/v2\/product"}],"about":[{"href":"https:\/\/www.wheeleo.eu\/de\/wp-json\/wp\/v2\/types\/product"}],"replies":[{"embeddable":true,"href":"https:\/\/www.wheeleo.eu\/de\/wp-json\/wp\/v2\/comments?post=19762"}],"version-history":[{"count":0,"href":"https:\/\/www.wheeleo.eu\/de\/wp-json\/wp\/v2\/product\/19762\/revisions"}],"wp:featuredmedia":[{"embeddable":true,"href":"https:\/\/www.wheeleo.eu\/de\/wp-json\/wp\/v2\/media\/19764"}],"wp:attachment":[{"href":"https:\/\/www.wheeleo.eu\/de\/wp-json\/wp\/v2\/media?parent=19762"}],"wp:term":[{"taxonomy":"product_brand","embeddable":true,"href":"https:\/\/www.wheeleo.eu\/de\/wp-json\/wp\/v2\/product_brand?post=19762"},{"taxonomy":"product_cat","embeddable":true,"href":"https:\/\/www.wheeleo.eu\/de\/wp-json\/wp\/v2\/product_cat?post=19762"},{"taxonomy":"product_tag","embeddable":true,"href":"https:\/\/www.wheeleo.eu\/de\/wp-json\/wp\/v2\/product_tag?post=19762"}],"curies":[{"name":"wp","href":"https:\/\/api.w.org\/{rel}","templated":true}]}}