{"id":20553,"date":"2024-04-30T17:31:37","date_gmt":"2024-04-30T15:31:37","guid":{"rendered":"https:\/\/www.wheeleo.eu\/wheeleo%ef%b8%8f-mieten\/"},"modified":"2026-02-24T18:39:48","modified_gmt":"2026-02-24T17:39:48","slug":"wheeleo%ef%b8%8f-mieten","status":"publish","type":"page","link":"https:\/\/www.wheeleo.eu\/de\/wheeleo-mieten\/","title":{"rendered":"Einen Wheeleo\u00ae mieten"},"content":{"rendered":"\t\t<div data-elementor-type=\"wp-page\" data-elementor-id=\"20553\" class=\"elementor elementor-20553 elementor-5604\" data-elementor-post-type=\"page\">\n\t\t\t\t<div class=\"elementor-element elementor-element-308fea46 e-con-full e-flex e-con e-parent\" data-id=\"308fea46\" data-element_type=\"container\" data-e-type=\"container\" data-settings=\"{&quot;jet_parallax_layout_list&quot;:[]}\">\n\t\t<div class=\"elementor-element elementor-element-6051dde7 e-con-full e-flex e-con e-child\" data-id=\"6051dde7\" data-element_type=\"container\" data-e-type=\"container\" data-settings=\"{&quot;background_background&quot;:&quot;classic&quot;,&quot;jet_parallax_layout_list&quot;:[]}\">\n\t\t\t\t<div class=\"elementor-element elementor-element-2f625bb1 elementor-widget__width-inherit elementor-widget elementor-widget-heading\" data-id=\"2f625bb1\" data-element_type=\"widget\" data-e-type=\"widget\" data-widget_type=\"heading.default\">\n\t\t\t\t\t<h2 class=\"elementor-heading-title elementor-size-default\">Kundenservice<\/h2>\t\t\t\t<\/div>\n\t\t\t\t<div class=\"elementor-element elementor-element-512c8aee elementor-widget__width-inherit elementor-widget elementor-widget-heading\" data-id=\"512c8aee\" data-element_type=\"widget\" data-e-type=\"widget\" data-widget_type=\"heading.default\">\n\t\t\t\t\t<h1 class=\"elementor-heading-title elementor-size-default\">Einen Wheeleo\u00ae mieten<\/h1>\t\t\t\t<\/div>\n\t\t\t\t<div class=\"elementor-element elementor-element-ac429b2 elementor-widget elementor-widget-text-editor\" data-id=\"ac429b2\" data-element_type=\"widget\" data-e-type=\"widget\" data-widget_type=\"text-editor.default\">\n\t\t\t\t\t\t\t\t\t<p>Die Anmietung ist eine ausgezeichnete L\u00f6sung, um es vor dem Kauf zu testen. Dies erm\u00f6glicht es Ihnen, das Wheeleo\u00ae\ufe0f kennenzulernen und sicherzustellen, dass es perfekt zu Ihren Bed\u00fcrfnissen und Erwartungen passt. <\/p>\t\t\t\t\t\t\t\t<\/div>\n\t\t\t\t<\/div>\n\t\t<div class=\"elementor-element elementor-element-16433802 e-con-full e-flex e-con e-child\" data-id=\"16433802\" data-element_type=\"container\" data-e-type=\"container\" data-settings=\"{&quot;background_background&quot;:&quot;classic&quot;,&quot;background_motion_fx_motion_fx_scrolling&quot;:&quot;yes&quot;,&quot;background_motion_fx_translateX_effect&quot;:&quot;yes&quot;,&quot;background_motion_fx_translateX_direction&quot;:&quot;negative&quot;,&quot;background_motion_fx_translateX_speed&quot;:{&quot;unit&quot;:&quot;px&quot;,&quot;size&quot;:1,&quot;sizes&quot;:[]},&quot;jet_parallax_layout_list&quot;:[],&quot;background_motion_fx_translateX_affectedRange&quot;:{&quot;unit&quot;:&quot;%&quot;,&quot;size&quot;:&quot;&quot;,&quot;sizes&quot;:{&quot;start&quot;:0,&quot;end&quot;:100}},&quot;background_motion_fx_devices&quot;:[&quot;desktop&quot;,&quot;tablet&quot;,&quot;mobile&quot;]}\">\n\t\t\t\t<\/div>\n\t\t\t\t<\/div>\n\t\t<div class=\"elementor-element elementor-element-6b1c4b5 e-flex e-con-boxed e-con e-parent\" data-id=\"6b1c4b5\" data-element_type=\"container\" data-e-type=\"container\" data-settings=\"{&quot;jet_parallax_layout_list&quot;:[]}\">\n\t\t\t\t\t<div class=\"e-con-inner\">\n\t\t\t\t<div class=\"elementor-element elementor-element-703dbab elementor-widget elementor-widget-heading\" data-id=\"703dbab\" data-element_type=\"widget\" data-e-type=\"widget\" data-widget_type=\"heading.default\">\n\t\t\t\t\t<h2 class=\"elementor-heading-title elementor-size-default\">Warum ein Wheeleo\u00ae\ufe0f mieten?<\/h2>\t\t\t\t<\/div>\n\t\t\t\t<div class=\"elementor-element elementor-element-0f98c42 elementor-widget elementor-widget-text-editor\" data-id=\"0f98c42\" data-element_type=\"widget\" data-e-type=\"widget\" data-widget_type=\"text-editor.default\">\n\t\t\t\t\t\t\t\t\t<p>Die Wheeleo\u00ae\ufe0f ist eine neue Gehhilfe. Es ist schwierig zu wissen, ob der Wheeleo\u00ae\ufe0f f\u00fcr Ihre Gehbehinderung geeignet ist, wenn Sie ihn nicht in einer realen Situation getestet haben.  <\/p>\t\t\t\t\t\t\t\t<\/div>\n\t\t\t\t<div class=\"elementor-element elementor-element-9c60c6f elementor-widget elementor-widget-heading\" data-id=\"9c60c6f\" data-element_type=\"widget\" data-e-type=\"widget\" data-widget_type=\"heading.default\">\n\t\t\t\t\t<h2 class=\"elementor-heading-title elementor-size-default\">Wie l\u00e4uft das ab?<\/h2>\t\t\t\t<\/div>\n\t\t\t\t<div class=\"elementor-element elementor-element-30f1678 elementor-widget elementor-widget-text-editor\" data-id=\"30f1678\" data-element_type=\"widget\" data-e-type=\"widget\" data-widget_type=\"text-editor.default\">\n\t\t\t\t\t\t\t\t\t<p>Wir bieten Ihnen die M\u00f6glichkeit, f\u00fcr 44 \u20ac einen Wheeleo\u00ae\ufe0f in der Farbe Ihrer Wahl f\u00fcr einen Zeitraum von 2 Wochen zu mieten. Nach diesen zwei Wochen m\u00fcssen Sie eine Wahl treffen:  <\/p><ul><li>Sie m\u00f6chten das Wheeleo\u00ae\ufe0f behalten, da es Ihnen zusagt und Ihnen einen wichtigen Nutzen bringt. Wir senden Ihnen die Rechnung und erstatten Ihnen den Mietpreis. <\/li><li>Aus verschiedenen Gr\u00fcnden m\u00f6chten Sie das Wheeleo\u00ae\ufe0f nicht behalten. Wir organisieren dann die R\u00fccksendung ohne zus\u00e4tzliche Kosten. <\/li><\/ul><div> <\/div><p>Wir sind \u00fcberzeugt, dass dieser Vorschlag Sie zufriedenstellen wird.<\/p>\t\t\t\t\t\t\t\t<\/div>\n\t\t\t\t<div class=\"elementor-element elementor-element-efc2248 elementor-widget elementor-widget-heading\" data-id=\"efc2248\" data-element_type=\"widget\" data-e-type=\"widget\" data-widget_type=\"heading.default\">\n\t\t\t\t\t<h2 class=\"elementor-heading-title elementor-size-default\">Bedingungen<\/h2>\t\t\t\t<\/div>\n\t\t\t\t<div class=\"elementor-element elementor-element-a3a97a0 elementor-widget elementor-widget-text-editor\" data-id=\"a3a97a0\" data-element_type=\"widget\" data-e-type=\"widget\" data-widget_type=\"text-editor.default\">\n\t\t\t\t\t\t\t\t\t<p>Wir versenden das Wheeleo\u00ae\ufe0f in einer Kiste per DPD-Transportdienst an eine Adresse. Wir liefern einmal pro Woche. Die Lieferungen erfolgen dienstags. <a href=\"https:\/\/www.wheeleo.eu\/de\/versandkosten\/\">Lieferkosten<\/a> sind zus\u00e4tzlich zur Miete zu entrichten (au\u00dfer Belgien).   <\/p><p>Bitte packen Sie das Wheeleo\u00ae\ufe0f sorgf\u00e4ltig aus, um die Kiste f\u00fcr eine eventuelle R\u00fccksendung in gutem Zustand zu halten. Eine Bedienungsanleitung ist <a href=\"https:\/\/www.wheeleo.eu\/de\/auspacken-und-montage-des-wheeleo\/\">hier<\/a> verf\u00fcgbar. <\/p>\t\t\t\t\t\t\t\t<\/div>\n\t\t\t\t<div class=\"elementor-element elementor-element-999f2c7 elementor-widget elementor-widget-heading\" data-id=\"999f2c7\" data-element_type=\"widget\" data-e-type=\"widget\" data-widget_type=\"heading.default\">\n\t\t\t\t\t<h2 class=\"elementor-heading-title elementor-size-default\">R\u00fccksendung<\/h2>\t\t\t\t<\/div>\n\t\t\t\t<div class=\"elementor-element elementor-element-e7e3459 elementor-widget elementor-widget-text-editor\" data-id=\"e7e3459\" data-element_type=\"widget\" data-e-type=\"widget\" data-widget_type=\"text-editor.default\">\n\t\t\t\t\t\t\t\t\t<p>Um das Wheeleo\u00ae\ufe0f am Ende einer Mietzeit zur\u00fcckzusenden, senden wir Ihnen ein Etikett, das Sie auf die Originalverpackung kleben k\u00f6nnen. Befolgen Sie die Auspackanleitung in umgekehrter Reihenfolge. Das Wheeleo\u00ae\ufe0f muss gut befestigt sein, um Besch\u00e4digungen zu vermeiden. Achten Sie darauf, alte Lieferetiketten zu entfernen. Anschlie\u00dfend geben Sie die Kiste bei einem DPD-Paketshop ab:    &nbsp;<\/p>\n<p>BE: <a href=\"https:\/\/www.dpd.com\/be\/fr\/pickup\/trouver-un-pickup-parcelshop\/\" target=\"_blank\" rel=\"noopener\">https:\/\/www.dpd.com\/be\/fr\/pickup\/trouver-un-pickup-parcelshop\/<\/a><\/p>\n<p>FR: <a href=\"https:\/\/relais.dpd.fr\/fr\/recherche-relais\" target=\"_blank\" rel=\"noopener\">https:\/\/relais.dpd.fr\/fr\/recherche-relais<\/a>&nbsp;<\/p>\t\t\t\t\t\t\t\t<\/div>\n\t\t\t\t\t<\/div>\n\t\t\t\t<\/div>\n\t\t<div class=\"elementor-element elementor-element-75d95a8 e-flex e-con-boxed e-con e-parent\" data-id=\"75d95a8\" data-element_type=\"container\" data-e-type=\"container\" data-settings=\"{&quot;jet_parallax_layout_list&quot;:[]}\">\n\t\t\t\t\t<div class=\"e-con-inner\">\n\t\t\t\t<div class=\"elementor-element elementor-element-83eb81b elementor-cta--skin-cover elementor-widget elementor-widget-global elementor-global-20224 elementor-global-3815 elementor-widget-call-to-action\" data-id=\"83eb81b\" data-element_type=\"widget\" data-e-type=\"widget\" data-widget_type=\"call-to-action.default\">\n\t\t\t\t\t\t\t<a class=\"elementor-cta\" href=\"https:\/\/www.wheeleo.eu\/de\/produit\/mieten-sie-ihr-wheeleo\/\">\n\t\t\t\t\t<div class=\"elementor-cta__bg-wrapper\">\n\t\t\t\t<div class=\"elementor-cta__bg elementor-bg\" style=\"background-image: url(https:\/\/www.wheeleo.eu\/wp-content\/uploads\/2023\/12\/tester-le-wheeleo-1024x279.png);\" role=\"img\" aria-label=\"tester-le-wheeleo\"><\/div>\n\t\t\t\t<div class=\"elementor-cta__bg-overlay\"><\/div>\n\t\t\t<\/div>\n\t\t\t\t\t\t\t<div class=\"elementor-cta__content\">\n\t\t\t\t\n\t\t\t\t\t\t\t\t\t<h3 class=\"elementor-cta__title elementor-cta__content-item elementor-content-item\">\n\t\t\t\t\t\tEinen Wheeleo\u00ae mieten\t\t\t\t\t<\/h3>\n\t\t\t\t\n\t\t\t\t\t\t\t\t\t<div class=\"elementor-cta__description elementor-cta__content-item elementor-content-item\">\n\t\t\t\t\t\tTesten Sie unser risikofreies Miet-\/Kaufsystem! Nutzen Sie zwei Wochen, um das Wheeleo\u00ae zu testen.   \n\n<br>  Am Ende dieses Zeitraums haben Sie die Wahl: Kaufen Sie das Produkt und erhalten Sie eine R\u00fcckerstattung der Miete oder geben Sie das Wheeleo\u00ae einfach zur\u00fcck.\t\t\t\t\t<\/div>\n\t\t\t\t\n\t\t\t\t\t\t\t\t\t<div class=\"elementor-cta__button-wrapper elementor-cta__content-item elementor-content-item \">\n\t\t\t\t\t<span class=\"elementor-cta__button elementor-button elementor-size-\">\n\t\t\t\t\t\tMIETEN\t\t\t\t\t<\/span>\n\t\t\t\t\t<\/div>\n\t\t\t\t\t\t\t<\/div>\n\t\t\t\t\t\t<\/a>\n\t\t\t\t\t\t<\/div>\n\t\t\t\t\t<\/div>\n\t\t\t\t<\/div>\n\t\t\t\t<\/div>\n\t\t","protected":false},"excerpt":{"rendered":"<p>Kundenservice Die Anmietung ist eine ausgezeichnete L\u00f6sung, um es vor dem Kauf zu testen. Dies erm\u00f6glicht es Ihnen, das Wheeleo\u00ae&#xfe0f; kennenzulernen und sicherzustellen, dass es perfekt zu Ihren Bed\u00fcrfnissen und Erwartungen passt. Warum ein Wheeleo\u00ae&#xfe0f; mieten? Die Wheeleo\u00ae&#xfe0f; ist eine neue Gehhilfe. Es ist schwierig zu wissen, ob der Wheeleo\u00ae&#xfe0f; f\u00fcr Ihre Gehbehinderung geeignet ist, [&hellip;]<\/p>\n","protected":false},"author":1,"featured_media":0,"parent":0,"menu_order":0,"comment_status":"closed","ping_status":"closed","template":"elementor_header_footer","meta":{"footnotes":""},"class_list":["post-20553","page","type-page","status-publish","hentry"],"_links":{"self":[{"href":"https:\/\/www.wheeleo.eu\/de\/wp-json\/wp\/v2\/pages\/20553","targetHints":{"allow":["GET"]}}],"collection":[{"href":"https:\/\/www.wheeleo.eu\/de\/wp-json\/wp\/v2\/pages"}],"about":[{"href":"https:\/\/www.wheeleo.eu\/de\/wp-json\/wp\/v2\/types\/page"}],"author":[{"embeddable":true,"href":"https:\/\/www.wheeleo.eu\/de\/wp-json\/wp\/v2\/users\/1"}],"replies":[{"embeddable":true,"href":"https:\/\/www.wheeleo.eu\/de\/wp-json\/wp\/v2\/comments?post=20553"}],"version-history":[{"count":3,"href":"https:\/\/www.wheeleo.eu\/de\/wp-json\/wp\/v2\/pages\/20553\/revisions"}],"predecessor-version":[{"id":22085,"href":"https:\/\/www.wheeleo.eu\/de\/wp-json\/wp\/v2\/pages\/20553\/revisions\/22085"}],"wp:attachment":[{"href":"https:\/\/www.wheeleo.eu\/de\/wp-json\/wp\/v2\/media?parent=20553"}],"curies":[{"name":"wp","href":"https:\/\/api.w.org\/{rel}","templated":true}]}}