{"id":20551,"date":"2024-04-19T10:05:14","date_gmt":"2024-04-19T08:05:14","guid":{"rendered":"https:\/\/www.wheeleo.eu\/anwender\/"},"modified":"2025-12-19T11:51:29","modified_gmt":"2025-12-19T10:51:29","slug":"anwender","status":"publish","type":"page","link":"https:\/\/www.wheeleo.eu\/de\/anwender\/","title":{"rendered":"Anwender"},"content":{"rendered":"\t\t<div data-elementor-type=\"wp-page\" data-elementor-id=\"20551\" class=\"elementor elementor-20551 elementor-5766\" data-elementor-post-type=\"page\">\n\t\t\t\t<div class=\"elementor-element elementor-element-2b69e79d e-con-full e-flex e-con e-parent\" data-id=\"2b69e79d\" data-element_type=\"container\" data-e-type=\"container\" data-settings=\"{&quot;jet_parallax_layout_list&quot;:[]}\">\n\t\t<div class=\"elementor-element elementor-element-1ff56a79 e-con-full e-flex e-con e-child\" data-id=\"1ff56a79\" data-element_type=\"container\" data-e-type=\"container\" data-settings=\"{&quot;background_background&quot;:&quot;classic&quot;,&quot;jet_parallax_layout_list&quot;:[]}\">\n\t\t\t\t<div class=\"elementor-element elementor-element-fdfa80 elementor-widget__width-inherit elementor-widget elementor-widget-heading\" data-id=\"fdfa80\" data-element_type=\"widget\" data-e-type=\"widget\" data-widget_type=\"heading.default\">\n\t\t\t\t\t<h1 class=\"elementor-heading-title elementor-size-default\">Anwender<\/h1>\t\t\t\t<\/div>\n\t\t\t\t<div class=\"elementor-element elementor-element-70289aea elementor-widget elementor-widget-text-editor\" data-id=\"70289aea\" data-element_type=\"widget\" data-e-type=\"widget\" data-widget_type=\"text-editor.default\">\n\t\t\t\t\t\t\t\t\t<p>Entdecken Sie nachfolgend die Rehabilitationszentren und Krankenh\u00e4user, die das Wheeleo\u00ae t\u00e4glich in ihre Praxis integrieren und somit eine innovative L\u00f6sung zur Verbesserung der Mobilit\u00e4t, Rehabilitation und Lebensqualit\u00e4t ihrer Patienten bieten.<\/p>\t\t\t\t\t\t\t\t<\/div>\n\t\t\t\t<\/div>\n\t\t<div class=\"elementor-element elementor-element-6bc5860f e-con-full e-flex e-con e-child\" data-id=\"6bc5860f\" data-element_type=\"container\" data-e-type=\"container\" data-settings=\"{&quot;background_background&quot;:&quot;classic&quot;,&quot;background_motion_fx_motion_fx_scrolling&quot;:&quot;yes&quot;,&quot;background_motion_fx_translateX_effect&quot;:&quot;yes&quot;,&quot;background_motion_fx_translateX_direction&quot;:&quot;negative&quot;,&quot;background_motion_fx_translateX_speed&quot;:{&quot;unit&quot;:&quot;px&quot;,&quot;size&quot;:1,&quot;sizes&quot;:[]},&quot;jet_parallax_layout_list&quot;:[],&quot;background_motion_fx_translateX_affectedRange&quot;:{&quot;unit&quot;:&quot;%&quot;,&quot;size&quot;:&quot;&quot;,&quot;sizes&quot;:{&quot;start&quot;:0,&quot;end&quot;:100}},&quot;background_motion_fx_devices&quot;:[&quot;desktop&quot;,&quot;tablet&quot;,&quot;mobile&quot;]}\">\n\t\t\t\t<\/div>\n\t\t\t\t<\/div>\n\t\t<div class=\"elementor-element elementor-element-5585155 e-flex e-con-boxed e-con e-parent\" data-id=\"5585155\" data-element_type=\"container\" data-e-type=\"container\" data-settings=\"{&quot;jet_parallax_layout_list&quot;:[]}\">\n\t\t\t\t\t<div class=\"e-con-inner\">\n\t\t\t\t<div class=\"elementor-element elementor-element-7bcfe2f elementor-widget elementor-widget-html\" data-id=\"7bcfe2f\" data-element_type=\"widget\" data-e-type=\"widget\" data-widget_type=\"html.default\">\n\t\t\t\t\t<iframe src=\"https:\/\/www.google.com\/maps\/d\/u\/0\/embed?mid=1lplywIbMCwUGX7gGwK5JY7TvpoehngCD&amp;ehbc=2E312F\" width=\"640\" height=\"600\"><\/iframe>\t\t\t\t<\/div>\n\t\t\t\t<div class=\"elementor-element elementor-element-b1ea354 elementor-widget__width-initial elementor-widget elementor-widget-text-editor\" data-id=\"b1ea354\" data-element_type=\"widget\" data-e-type=\"widget\" data-widget_type=\"text-editor.default\">\n\t\t\t\t\t\t\t\t\t<p style=\"text-align: center;\">Sie nutzen das Wheeleo\u00ae\ufe0f und sind auf dieser Karte nicht verzeichnet? Kontaktieren Sie uns, um Ihr Zentrum, Krankenhaus, Ihre Praxis, &#8230; hinzuzuf\u00fcgen. <\/p>\t\t\t\t\t\t\t\t<\/div>\n\t\t\t\t<div class=\"elementor-element elementor-element-fb2f060 elementor-align-justify elementor-widget__width-initial elementor-widget elementor-widget-button\" data-id=\"fb2f060\" data-element_type=\"widget\" data-e-type=\"widget\" data-widget_type=\"button.default\">\n\t\t\t\t\t\t\t\t\t\t<a class=\"elementor-button elementor-button-link elementor-size-sm\" href=\"https:\/\/www.wheeleo.eu\/de\/kontakt\/\">\n\t\t\t\t\t\t<span class=\"elementor-button-content-wrapper\">\n\t\t\t\t\t\t\t\t\t<span class=\"elementor-button-text\">Kontakt<\/span>\n\t\t\t\t\t<\/span>\n\t\t\t\t\t<\/a>\n\t\t\t\t\t\t\t\t<\/div>\n\t\t\t\t\t<\/div>\n\t\t\t\t<\/div>\n\t\t<div class=\"elementor-element elementor-element-f2e4e4d e-flex e-con-boxed e-con e-parent\" data-id=\"f2e4e4d\" data-element_type=\"container\" data-e-type=\"container\" data-settings=\"{&quot;jet_parallax_layout_list&quot;:[]}\">\n\t\t\t\t\t<div class=\"e-con-inner\">\n\t\t\t\t<div class=\"elementor-element elementor-element-24381e8 elementor-cta--skin-classic elementor-animated-content elementor-bg-transform elementor-bg-transform-zoom-in elementor-widget elementor-widget-global elementor-global-19840 elementor-global-3716 elementor-widget-call-to-action\" data-id=\"24381e8\" data-element_type=\"widget\" data-e-type=\"widget\" data-widget_type=\"call-to-action.default\">\n\t\t\t\t\t\t\t<a class=\"elementor-cta\" href=\"https:\/\/www.wheeleo.eu\/partager-mon-temoignage\/\">\n\t\t\t\t\t<div class=\"elementor-cta__bg-wrapper\">\n\t\t\t\t<div class=\"elementor-cta__bg elementor-bg\" style=\"background-image: url(https:\/\/www.wheeleo.eu\/wp-content\/uploads\/2024\/02\/1E8A6844-683x1024.jpg);\" role=\"img\" aria-label=\"1E8A6844\"><\/div>\n\t\t\t\t<div class=\"elementor-cta__bg-overlay\"><\/div>\n\t\t\t<\/div>\n\t\t\t\t\t\t\t<div class=\"elementor-cta__content\">\n\t\t\t\t\n\t\t\t\t\t\t\t\t\t<h2 class=\"elementor-cta__title elementor-cta__content-item elementor-content-item\">\n\t\t\t\t\t\tTeilen Sie Ihre Nutzererfahrung!\t\t\t\t\t<\/h2>\n\t\t\t\t\n\t\t\t\t\t\t\t\t\t<div class=\"elementor-cta__description elementor-cta__content-item elementor-content-item\">\n\t\t\t\t\t\tTeilen Sie Ihre Erfahrung mit dem Wheeleo\u00ae und inspirieren Sie andere! Ob per Video, Foto oder einfachem Text, Ihr Erfahrungsbericht ist uns und unserer Gemeinschaft sehr wichtig. \t\t\t\t\t<\/div>\n\t\t\t\t\n\t\t\t\t\t\t\t\t\t<div class=\"elementor-cta__button-wrapper elementor-cta__content-item elementor-content-item \">\n\t\t\t\t\t<span class=\"elementor-cta__button elementor-button elementor-size-\">\n\t\t\t\t\t\tMeinen Erfahrungsbericht teilen\t\t\t\t\t<\/span>\n\t\t\t\t\t<\/div>\n\t\t\t\t\t\t\t<\/div>\n\t\t\t\t\t\t<\/a>\n\t\t\t\t\t\t<\/div>\n\t\t\t\t\t<\/div>\n\t\t\t\t<\/div>\n\t\t\t\t<\/div>\n\t\t","protected":false},"excerpt":{"rendered":"<p>Entdecken Sie nachfolgend die Rehabilitationszentren und Krankenh\u00e4user, die das Wheeleo\u00ae t\u00e4glich in ihre Praxis integrieren und somit eine innovative L\u00f6sung zur Verbesserung der Mobilit\u00e4t, Rehabilitation und Lebensqualit\u00e4t ihrer Patienten bieten. Sie nutzen das Wheeleo\u00ae&#xfe0f; und sind auf dieser Karte nicht verzeichnet? Kontaktieren Sie uns, um Ihr Zentrum, Krankenhaus, Ihre Praxis, &#8230; hinzuzuf\u00fcgen. Kontakt Partagez votre [&hellip;]<\/p>\n","protected":false},"author":1,"featured_media":0,"parent":0,"menu_order":0,"comment_status":"closed","ping_status":"closed","template":"elementor_header_footer","meta":{"footnotes":""},"class_list":["post-20551","page","type-page","status-publish","hentry"],"_links":{"self":[{"href":"https:\/\/www.wheeleo.eu\/de\/wp-json\/wp\/v2\/pages\/20551","targetHints":{"allow":["GET"]}}],"collection":[{"href":"https:\/\/www.wheeleo.eu\/de\/wp-json\/wp\/v2\/pages"}],"about":[{"href":"https:\/\/www.wheeleo.eu\/de\/wp-json\/wp\/v2\/types\/page"}],"author":[{"embeddable":true,"href":"https:\/\/www.wheeleo.eu\/de\/wp-json\/wp\/v2\/users\/1"}],"replies":[{"embeddable":true,"href":"https:\/\/www.wheeleo.eu\/de\/wp-json\/wp\/v2\/comments?post=20551"}],"version-history":[{"count":1,"href":"https:\/\/www.wheeleo.eu\/de\/wp-json\/wp\/v2\/pages\/20551\/revisions"}],"predecessor-version":[{"id":20552,"href":"https:\/\/www.wheeleo.eu\/de\/wp-json\/wp\/v2\/pages\/20551\/revisions\/20552"}],"wp:attachment":[{"href":"https:\/\/www.wheeleo.eu\/de\/wp-json\/wp\/v2\/media?parent=20551"}],"curies":[{"name":"wp","href":"https:\/\/api.w.org\/{rel}","templated":true}]}}