{"id":20498,"date":"2025-05-26T11:28:21","date_gmt":"2025-05-26T09:28:21","guid":{"rendered":"https:\/\/www.wheeleo.eu\/mit-einem-starterpack-und-geschult-wurden\/"},"modified":"2025-12-19T11:54:51","modified_gmt":"2025-12-19T10:54:51","slug":"mit-einem-starterpack-und-geschult-wurden","status":"publish","type":"page","link":"https:\/\/www.wheeleo.eu\/de\/mit-einem-starterpack-und-geschult-wurden\/","title":{"rendered":"mit einem StarterPack und geschult wurden"},"content":{"rendered":"\t\t<div data-elementor-type=\"wp-page\" data-elementor-id=\"20498\" class=\"elementor elementor-20498 elementor-11585\" data-elementor-post-type=\"page\">\n\t\t\t\t<div class=\"elementor-element elementor-element-2299c353 e-con-full e-flex e-con e-parent\" data-id=\"2299c353\" data-element_type=\"container\" data-e-type=\"container\" data-settings=\"{&quot;jet_parallax_layout_list&quot;:[]}\">\n\t\t<div class=\"elementor-element elementor-element-dc8ef e-con-full e-flex e-con e-child\" data-id=\"dc8ef\" data-element_type=\"container\" data-e-type=\"container\" data-settings=\"{&quot;background_background&quot;:&quot;classic&quot;,&quot;jet_parallax_layout_list&quot;:[]}\">\n\t\t\t\t<div class=\"elementor-element elementor-element-1fabfd0c elementor-widget__width-inherit elementor-widget elementor-widget-heading\" data-id=\"1fabfd0c\" data-element_type=\"widget\" data-e-type=\"widget\" data-widget_type=\"heading.default\">\n\t\t\t\t\t<h2 class=\"elementor-heading-title elementor-size-default\">H\u00e4ndlerkarte<\/h2>\t\t\t\t<\/div>\n\t\t\t\t<div class=\"elementor-element elementor-element-3c2ec1bb elementor-widget__width-inherit elementor-widget elementor-widget-heading\" data-id=\"3c2ec1bb\" data-element_type=\"widget\" data-e-type=\"widget\" data-widget_type=\"heading.default\">\n\t\t\t\t\t<h1 class=\"elementor-heading-title elementor-size-default\">mit einem StarterPack und geschult wurden<\/h1>\t\t\t\t<\/div>\n\t\t\t\t<div class=\"elementor-element elementor-element-34e9ad09 elementor-widget elementor-widget-text-editor\" data-id=\"34e9ad09\" data-element_type=\"widget\" data-e-type=\"widget\" data-widget_type=\"text-editor.default\">\n\t\t\t\t\t\t\t\t\t<p>Die auf dieser Karte aufgef\u00fchrten H\u00e4ndler verf\u00fcgen \u00fcber das \u201eStarterPack\u201c und haben die Schulung zum Wheeleo\u00ae absolviert.<\/p><p>Dies garantiert Ihnen, dass die H\u00e4ndler:<\/p><ul><li>ein <strong>Wheeleo\u00ae-Demoger\u00e4t<\/strong> im Gesch\u00e4ft haben. <\/li><li>durch die <strong>Absolvierung der Wheeleo\u00ae-Schulung<\/strong> f\u00fcr den Verkauf des Wheeleo\u00ae zertifiziert sind, was Ihnen eine optimale Beratungsleistung garantiert.<\/li><\/ul>\t\t\t\t\t\t\t\t<\/div>\n\t\t<div class=\"elementor-element elementor-element-71150fd0 e-flex e-con-boxed e-con e-child\" data-id=\"71150fd0\" data-element_type=\"container\" data-e-type=\"container\" data-settings=\"{&quot;jet_parallax_layout_list&quot;:[]}\">\n\t\t\t\t\t<div class=\"e-con-inner\">\n\t\t\t\t<div class=\"elementor-element elementor-element-9fe4370 elementor-align-justify elementor-widget elementor-widget-button\" data-id=\"9fe4370\" data-element_type=\"widget\" data-e-type=\"widget\" data-widget_type=\"button.default\">\n\t\t\t\t\t\t\t\t\t\t<a class=\"elementor-button elementor-button-link elementor-size-sm\" href=\"#certificatForm\">\n\t\t\t\t\t\t<span class=\"elementor-button-content-wrapper\">\n\t\t\t\t\t\t\t\t\t<span class=\"elementor-button-text\">Eine Schulung vereinbaren<\/span>\n\t\t\t\t\t<\/span>\n\t\t\t\t\t<\/a>\n\t\t\t\t\t\t\t\t<\/div>\n\t\t\t\t\t<\/div>\n\t\t\t\t<\/div>\n\t\t\t\t<\/div>\n\t\t<div class=\"elementor-element elementor-element-6a373dac e-con-full e-flex e-con e-child\" data-id=\"6a373dac\" data-element_type=\"container\" data-e-type=\"container\" data-settings=\"{&quot;background_background&quot;:&quot;classic&quot;,&quot;background_motion_fx_motion_fx_scrolling&quot;:&quot;yes&quot;,&quot;background_motion_fx_translateX_effect&quot;:&quot;yes&quot;,&quot;background_motion_fx_translateX_direction&quot;:&quot;negative&quot;,&quot;background_motion_fx_translateX_speed&quot;:{&quot;unit&quot;:&quot;px&quot;,&quot;size&quot;:1,&quot;sizes&quot;:[]},&quot;jet_parallax_layout_list&quot;:[],&quot;background_motion_fx_translateX_affectedRange&quot;:{&quot;unit&quot;:&quot;%&quot;,&quot;size&quot;:&quot;&quot;,&quot;sizes&quot;:{&quot;start&quot;:0,&quot;end&quot;:100}},&quot;background_motion_fx_devices&quot;:[&quot;desktop&quot;,&quot;tablet&quot;,&quot;mobile&quot;]}\">\n\t\t\t\t<\/div>\n\t\t\t\t<\/div>\n\t\t<div class=\"elementor-element elementor-element-8a5848d e-flex e-con-boxed e-con e-parent\" data-id=\"8a5848d\" data-element_type=\"container\" data-e-type=\"container\" data-settings=\"{&quot;jet_parallax_layout_list&quot;:[]}\">\n\t\t\t\t\t<div class=\"e-con-inner\">\n\t\t<div class=\"elementor-element elementor-element-86111c7 e-con-full e-flex e-con e-child\" data-id=\"86111c7\" data-element_type=\"container\" data-e-type=\"container\" data-settings=\"{&quot;jet_parallax_layout_list&quot;:[]}\">\n\t\t\t\t<div class=\"elementor-element elementor-element-d761070 elementor-align-justify elementor-widget__width-initial elementor-widget elementor-widget-button\" data-id=\"d761070\" data-element_type=\"widget\" data-e-type=\"widget\" data-widget_type=\"button.default\">\n\t\t\t\t\t\t\t\t\t\t<a class=\"elementor-button elementor-button-link elementor-size-sm\" href=\"https:\/\/wheeleo.zohobookings.eu\/#\/formation-starterpack-fr\" target=\"_blank\" rel=\"noopener\">\n\t\t\t\t\t\t<span class=\"elementor-button-content-wrapper\">\n\t\t\t\t\t\t\t\t\t<span class=\"elementor-button-text\">Ich m\u00f6chte eine Schulung erhalten und auf dieser Karte eingetragen werden<\/span>\n\t\t\t\t\t<\/span>\n\t\t\t\t\t<\/a>\n\t\t\t\t\t\t\t\t<\/div>\n\t\t\t\t<div class=\"elementor-element elementor-element-d2f460d elementor-widget elementor-widget-text-editor\" data-id=\"d2f460d\" data-element_type=\"widget\" data-e-type=\"widget\" data-widget_type=\"text-editor.default\">\n\t\t\t\t\t\t\t\t\t<h2><strong>H\u00e4ndlerkarte mit StarterPack und geschulten H\u00e4ndlern<\/strong><\/h2><p><span class=\"x_1217980161size\">In einigen Wochen wird unsere H\u00e4ndlerkarte mit der untenstehenden Karte aktualisiert, um das Kundenerlebnis zu verbessern.<\/span><span class=\"x_1217980161size\"> <\/span><\/p><p><b><span class=\"x_1217980161size\">Nur geschulte Gesch\u00e4fte werden dort gelistet sein,<\/span><span class=\"x_1217980161size\"> <\/span><\/b><span class=\"x_1217980161size\">das hei\u00dft, diejenigen<\/span><span class=\"x_1217980161size\"> <\/span><b><span class=\"x_1217980161size\"><u>die die Schulung zum Verkauf des Wheeleo<\/u>\u00ae absolviert haben und <u>\u00fcber das \u201eStarter Pack\u201c verf\u00fcgen<\/u><\/span><span class=\"x_1217980161size\"> <\/span><\/b><span class=\"x_1217980161size\">wodurch die Verf\u00fcgbarkeit eines Wheeleo\u00ae-Demoger\u00e4ts im Gesch\u00e4ft gew\u00e4hrleistet ist!<\/span><\/p><p>Sie sind nicht auf dieser Karte aufgef\u00fchrt? <a href=\"https:\/\/www.wheeleo.eu\/de\/haendlerbereich\/\">Kontaktieren Sie uns<\/a>, schnell!<\/p>\t\t\t\t\t\t\t\t<\/div>\n\t\t\t\t<\/div>\n\t\t\t\t\t<\/div>\n\t\t\t\t<\/div>\n\t\t<div class=\"elementor-element elementor-element-de6d9e7 e-flex e-con-boxed e-con e-parent\" data-id=\"de6d9e7\" data-element_type=\"container\" data-e-type=\"container\" data-settings=\"{&quot;jet_parallax_layout_list&quot;:[]}\">\n\t\t\t\t\t<div class=\"e-con-inner\">\n\t\t\t\t<div class=\"elementor-element elementor-element-8555df4 elementor-widget elementor-widget-html\" data-id=\"8555df4\" data-element_type=\"widget\" data-e-type=\"widget\" data-widget_type=\"html.default\">\n\t\t\t\t\t<iframe src=\"https:\/\/www.google.com\/maps\/d\/u\/0\/embed?mid=14knPkH7iEWZHNHujXzBELDecrqmF73Y&amp;ehbc=2E312F&amp;noprof=1\" width=\"640\" height=\"480\"><\/iframe>\t\t\t\t<\/div>\n\t\t\t\t\t<\/div>\n\t\t\t\t<\/div>\n\t\t\t\t<\/div>\n\t\t","protected":false},"excerpt":{"rendered":"<p>H\u00e4ndlerkarte Die auf dieser Karte aufgef\u00fchrten H\u00e4ndler verf\u00fcgen \u00fcber das \u201eStarterPack\u201c und haben die Schulung zum Wheeleo\u00ae absolviert. Dies garantiert Ihnen, dass die H\u00e4ndler: ein Wheeleo\u00ae-Demoger\u00e4t im Gesch\u00e4ft haben. durch die Absolvierung der Wheeleo\u00ae-Schulung f\u00fcr den Verkauf des Wheeleo\u00ae zertifiziert sind, was Ihnen eine optimale Beratungsleistung garantiert. Eine Schulung vereinbaren Ich m\u00f6chte eine Schulung erhalten [&hellip;]<\/p>\n","protected":false},"author":1,"featured_media":0,"parent":0,"menu_order":0,"comment_status":"closed","ping_status":"closed","template":"elementor_header_footer","meta":{"footnotes":""},"class_list":["post-20498","page","type-page","status-publish","hentry"],"_links":{"self":[{"href":"https:\/\/www.wheeleo.eu\/de\/wp-json\/wp\/v2\/pages\/20498","targetHints":{"allow":["GET"]}}],"collection":[{"href":"https:\/\/www.wheeleo.eu\/de\/wp-json\/wp\/v2\/pages"}],"about":[{"href":"https:\/\/www.wheeleo.eu\/de\/wp-json\/wp\/v2\/types\/page"}],"author":[{"embeddable":true,"href":"https:\/\/www.wheeleo.eu\/de\/wp-json\/wp\/v2\/users\/1"}],"replies":[{"embeddable":true,"href":"https:\/\/www.wheeleo.eu\/de\/wp-json\/wp\/v2\/comments?post=20498"}],"version-history":[{"count":2,"href":"https:\/\/www.wheeleo.eu\/de\/wp-json\/wp\/v2\/pages\/20498\/revisions"}],"predecessor-version":[{"id":20654,"href":"https:\/\/www.wheeleo.eu\/de\/wp-json\/wp\/v2\/pages\/20498\/revisions\/20654"}],"wp:attachment":[{"href":"https:\/\/www.wheeleo.eu\/de\/wp-json\/wp\/v2\/media?parent=20498"}],"curies":[{"name":"wp","href":"https:\/\/api.w.org\/{rel}","templated":true}]}}