{"id":20490,"date":"2023-04-07T14:40:31","date_gmt":"2023-04-07T12:40:31","guid":{"rendered":"https:\/\/www.wheeleo.eu\/datenschutzerklaerung\/"},"modified":"2025-12-19T11:49:28","modified_gmt":"2025-12-19T10:49:28","slug":"datenschutzerklaerung","status":"publish","type":"page","link":"https:\/\/www.wheeleo.eu\/de\/datenschutzerklaerung\/","title":{"rendered":"Datenschutzerkl\u00e4rung"},"content":{"rendered":"\t\t<div data-elementor-type=\"wp-page\" data-elementor-id=\"20490\" class=\"elementor elementor-20490 elementor-3\" data-elementor-post-type=\"page\">\n\t\t\t\t<div class=\"elementor-element elementor-element-624ef0b7 e-flex e-con-boxed e-con e-parent\" data-id=\"624ef0b7\" data-element_type=\"container\" data-e-type=\"container\" data-settings=\"{&quot;jet_parallax_layout_list&quot;:[]}\">\n\t\t\t\t\t<div class=\"e-con-inner\">\n\t\t\t\t<div class=\"elementor-element elementor-element-52d0a548 elementor-widget elementor-widget-text-editor\" data-id=\"52d0a548\" data-element_type=\"widget\" data-e-type=\"widget\" data-widget_type=\"text-editor.default\">\n\t\t\t\t\t\t\t\t\t<h1>Datenschutzerkl\u00e4rung der Website www.wheeleo.eu<\/h1>\n<h2>I \/ Zweck der Datenschutzerkl\u00e4rung<\/h2>\n<p>Diese Datenschutzerkl\u00e4rung dient dazu, die Nutzer der Website www.wheeleo.eu, die im Besitz von InnoRehab SRL ist und von dieser verwaltet wird, \u00fcber die folgenden Modalit\u00e4ten zu informieren:<\/p>\n<ul>\n<li>Die von der Website erhobenen personenbezogenen Daten<\/li>\n<li>Die Verwendung dieser Daten<\/li>\n<li>Der Zugriff auf diese Daten<\/li>\n<li>Die Rechte der Nutzer der Website<\/li>\n<li>Die Cookie-Richtlinie<\/li>\n<\/ul>\n<p>Diese Datenschutzerkl\u00e4rung gilt parallel zu den Allgemeinen Gesch\u00e4ftsbedingungen der Website www.wheeleo.eu.<\/p>\n<h2>II \/ Anwendbare Gesetze<\/h2>\n<p>Gem\u00e4\u00df der Datenschutz-Grundverordnung (DSGVO) unterliegt diese Datenschutzerkl\u00e4rung den folgenden Bestimmungen:<\/p>\n<p>Personenbezogene Daten sind:<\/p>\n<ul>\n<li>rechtm\u00e4\u00dfig und transparent verarbeitet;<\/li>\n<li>f\u00fcr festgelegte, eindeutige und legitime Zwecke erhoben und d\u00fcrfen nicht in einer mit diesen Zwecken unvereinbaren Weise weiterverarbeitet werden. Gem\u00e4\u00df Artikel 89 Absatz 1 der DSGVO gilt die Speicherung und Verarbeitung dieser Daten zu Archivzwecken im \u00f6ffentlichen Interesse, zu wissenschaftlichen oder historischen Forschungszwecken oder zu statistischen Zwecken nicht als unvereinbar mit den urspr\u00fcnglichen Zwecken; <\/li>\n<li>dem Zweck angemessen und erheblich sowie auf das f\u00fcr die Zwecke der Verarbeitung notwendige Ma\u00df beschr\u00e4nkt;<\/li>\n<li>sachlich richtig und erforderlichenfalls auf dem neuesten Stand. Es werden alle angemessenen Ma\u00dfnahmen getroffen, um unrichtige Daten im Hinblick auf die Zwecke, f\u00fcr die sie erhoben wurden, unverz\u00fcglich zu berichtigen; <\/li>\n<li>in einer Form gespeichert, die die Identifizierung der betroffenen Personen nur so lange erm\u00f6glicht, wie es f\u00fcr die Zwecke, f\u00fcr die sie verarbeitet werden, erforderlich ist;<\/li>\n<li>in einer Weise verarbeitet, die eine angemessene Sicherheit der personenbezogenen Daten gew\u00e4hrleistet, einschlie\u00dflich des Schutzes vor unbefugter oder unrechtm\u00e4\u00dfiger Verarbeitung, unbeabsichtigtem Verlust, unbeabsichtigter Zerst\u00f6rung oder unbeabsichtigter Sch\u00e4digung.<\/li>\n<\/ul>\n<p>Die Verarbeitung der erhobenen Daten ist nur rechtm\u00e4\u00dfig, wenn mindestens eine der folgenden Bedingungen erf\u00fcllt ist:<\/p>\n<ul>\n<li>Die betroffene Person hat in die Verarbeitung der sie betreffenden personenbezogenen Daten f\u00fcr einen oder mehrere bestimmte Zwecke eingewilligt.<\/li>\n<li>Die Verarbeitung ist f\u00fcr die Erf\u00fcllung eines Vertrags, dessen Vertragspartei die betroffene Person ist, oder zur Durchf\u00fchrung vorvertraglicher Ma\u00dfnahmen erforderlich, die auf Anfrage der betroffenen Person erfolgen;<\/li>\n<li>Die Verarbeitung ist zur Erf\u00fcllung einer rechtlichen Verpflichtung erforderlich, der der Verantwortliche, InnoRehab SRL, unterliegt.<\/li>\n<li>Die Verarbeitung ist erforderlich, um lebenswichtige Interessen der betroffenen Person oder einer anderen nat\u00fcrlichen Person zu sch\u00fctzen.<\/li>\n<li>Die Verarbeitung ist f\u00fcr die Wahrnehmung einer Aufgabe erforderlich, die im \u00f6ffentlichen Interesse liegt oder in Aus\u00fcbung \u00f6ffentlicher Gewalt erfolgt, die InnoRehab SRL \u00fcbertragen wurde.<\/li>\n<li>Die Verarbeitung ist zur Wahrung der berechtigten Interessen des Verantwortlichen oder eines Dritten erforderlich, sofern nicht die Interessen oder Grundrechte und Grundfreiheiten der betroffenen Person, die den Schutz personenbezogener Daten erfordern, \u00fcberwiegen.<\/li>\n<\/ul>\n<h2>III \/ Einwilligung<\/h2>\n<p>Durch die Nutzung der Website www.wheeleo.eu stimmen die Nutzer zu:<\/p>\n<ul>\n<li>Allen in dieser Datenschutzerkl\u00e4rung enthaltenen Bedingungen;<\/li>\n<li>Der Erhebung, Nutzung und Speicherung der in dieser Datenschutzerkl\u00e4rung aufgef\u00fchrten Daten.<\/li>\n<\/ul>\n<h2>IV \/ Erhobene personenbezogene Daten<\/h2>\n<p>Beim Besuch der Website www.wheeleo.eu werden verschiedene personenbezogene Daten der Nutzer erhoben.<\/p>\n<p>Die folgenden Daten werden automatisch erhoben:<\/p>\n<p>Die folgenden Daten werden nicht-automatisch erhoben:<\/p>\n<p>Diese Daten werden erhoben\u2026<\/p>\n<p>Es werden keine zus\u00e4tzlichen Daten ohne vorherige Information erhoben.<\/p>\n<h2>V \/ Verarbeitung dieser Daten<\/h2>\n<p>Die auf der Website www.wheeleo.eu erhobenen personenbezogenen Daten werden ausschlie\u00dflich f\u00fcr die in dieser Datenschutzerkl\u00e4rung und\/oder auf den entsprechenden Seiten der Website genannten Zwecke erhoben und verarbeitet. Die von uns erhobenen personenbezogenen Daten werden nicht f\u00fcr andere Zwecke verwendet. <\/p>\n<h2>VI \/ Weitergabe der erhobenen personenbezogenen Daten<\/h2>\n<p>\u2013 Mitarbeiter: Wir k\u00f6nnen Informationen offen an Mitarbeiter des Unternehmens InnoRehab SRL weitergeben, soweit diese diese zur Verfolgung des in dieser Richtlinie vorgesehenen Zwecks ben\u00f6tigen.<\/p>\n<p>Dar\u00fcber hinaus k\u00f6nnen die erhobenen personenbezogenen Daten weitergegeben werden:<\/p>\n<ul>\n<li>Wenn das Unternehmen InnoRehab SRL gesetzlich dazu verpflichtet ist<\/li>\n<li>Wenn die Informationen f\u00fcr ein Gerichtsverfahren erforderlich sind<\/li>\n<li>Zum Schutz der rechtlichen Interessen des Unternehmens InnoRehab SRL<\/li>\n<\/ul>\n<p>Au\u00dferhalb der in dieser Richtlinie vorgesehenen Situationen werden personenbezogene Daten in keinem Fall an Dritte weitergegeben oder mit Dritten geteilt.<\/p>\n<h2>VII \/ Speicherung und Schutz personenbezogener Daten<\/h2>\n<p>Das Unternehmen InnoRehab SRL speichert personenbezogene Daten nicht l\u00e4nger, als es f\u00fcr die Erf\u00fcllung der Zwecke, f\u00fcr die sie erhoben wurden, erforderlich ist.<\/p>\n<p>Zum Schutz dieser Daten ergreifen wir folgende Ma\u00dfnahmen:<\/p>\n<h2>VIII \/ Rechte des Nutzers<\/h2>\n<p>Gem\u00e4\u00df Kapitel 3, Art. 12-23 der DSGVO haben die Nutzer der Website www.wheeleo.eu in Bezug auf ihre personenbezogenen Daten die folgenden Rechte:<\/p>\n<ul>\n<li>Auskunftsrecht<\/li>\n<li>Recht auf Berichtigung<\/li>\n<li>Recht auf L\u00f6schung<\/li>\n<li>Recht auf Einschr\u00e4nkung der Verarbeitung<\/li>\n<li>Recht auf Daten\u00fcbertragbarkeit<\/li>\n<li>Widerspruchsrecht<\/li>\n<\/ul>\n<p>Um eines dieser Rechte geltend zu machen, auf Ihre Daten zuzugreifen, sie zu \u00e4ndern oder auf irgendeine Weise zu l\u00f6schen, k\u00f6nnen Sie sich an unseren CEO \u2013 Gregory Vanderveken \u2013 wenden.<\/p>\n<h2>IX \/ Cookie-Richtlinie<\/h2>\n<p>Ein Cookie ist eine Datei, die auf der Festplatte eines Nutzers gespeichert wird, wenn dieser eine Website besucht. Dieses Cookie erm\u00f6glicht es, Daten \u00fcber die Surfgewohnheiten des Nutzers besser zu verstehen, um ihm ein besseres Nutzungserlebnis zu bieten. <\/p>\n<p>Die Website www.wheeleo.eu verwendet die folgenden Cookies:<\/p>\n<p>Gem\u00e4\u00df der DSGVO k\u00f6nnen Sie w\u00e4hlen, ob Sie jedes Mal benachrichtigt werden m\u00f6chten, wenn ein Cookie erstellt wird, oder ob Sie die \u00dcbertragung von Cookies durch die Website vollst\u00e4ndig deaktivieren m\u00f6chten.<\/p>\n<p>Die Website www.wheeleo.eu verwendet auch die folgenden Drittanbieter-Cookies:<\/p>\n<h2>X \/ Zus\u00e4tzliche Bestimmungen<\/h2>\n<p> <\/p>\n<h2>XI \/ \u00c4nderung der Datenschutzerkl\u00e4rung<\/h2>\n<p>Um mit dem Gesetz in Einklang zu bleiben oder \u00c4nderungen in unserem Prozess der Verwaltung personenbezogener Daten widerzuspiegeln, kann diese Datenschutzerkl\u00e4rung regelm\u00e4\u00dfig ge\u00e4ndert und angepasst werden. Nutzern wird empfohlen, diese Richtlinie regelm\u00e4\u00dfig zu \u00fcberpr\u00fcfen, um \u00fcber unsere Richtlinien zur Erhebung und Verarbeitung personenbezogener Daten informiert zu bleiben. <\/p>\n<h2>XII \/ Kontakt<\/h2>\n<p> <\/p>\n<p>Gregory Vanderveken<\/p>\n<p>www.wheeleo.eu\/contact<\/p>\n<p>Telefon \/ WhatsApp<\/p>\n<p>+32 (0) 479 09 08 03<\/p>\n<p> <\/p>\t\t\t\t\t\t\t\t<\/div>\n\t\t\t\t\t<\/div>\n\t\t\t\t<\/div>\n\t\t\t\t<\/div>\n\t\t","protected":false},"excerpt":{"rendered":"<p>Datenschutzerkl\u00e4rung der Website www.wheeleo.eu I \/ Zweck der Datenschutzerkl\u00e4rung Diese Datenschutzerkl\u00e4rung dient dazu, die Nutzer der Website www.wheeleo.eu, die im Besitz von InnoRehab SRL ist und von dieser verwaltet wird, \u00fcber die folgenden Modalit\u00e4ten zu informieren: Die von der Website erhobenen personenbezogenen Daten Die Verwendung dieser Daten Der Zugriff auf diese Daten Die Rechte der [&hellip;]<\/p>\n","protected":false},"author":1,"featured_media":0,"parent":0,"menu_order":0,"comment_status":"closed","ping_status":"open","template":"elementor_header_footer","meta":{"footnotes":""},"class_list":["post-20490","page","type-page","status-publish","hentry"],"_links":{"self":[{"href":"https:\/\/www.wheeleo.eu\/de\/wp-json\/wp\/v2\/pages\/20490","targetHints":{"allow":["GET"]}}],"collection":[{"href":"https:\/\/www.wheeleo.eu\/de\/wp-json\/wp\/v2\/pages"}],"about":[{"href":"https:\/\/www.wheeleo.eu\/de\/wp-json\/wp\/v2\/types\/page"}],"author":[{"embeddable":true,"href":"https:\/\/www.wheeleo.eu\/de\/wp-json\/wp\/v2\/users\/1"}],"replies":[{"embeddable":true,"href":"https:\/\/www.wheeleo.eu\/de\/wp-json\/wp\/v2\/comments?post=20490"}],"version-history":[{"count":1,"href":"https:\/\/www.wheeleo.eu\/de\/wp-json\/wp\/v2\/pages\/20490\/revisions"}],"predecessor-version":[{"id":20491,"href":"https:\/\/www.wheeleo.eu\/de\/wp-json\/wp\/v2\/pages\/20490\/revisions\/20491"}],"wp:attachment":[{"href":"https:\/\/www.wheeleo.eu\/de\/wp-json\/wp\/v2\/media?parent=20490"}],"curies":[{"name":"wp","href":"https:\/\/api.w.org\/{rel}","templated":true}]}}