{"id":20056,"date":"2023-09-25T21:03:53","date_gmt":"2023-09-25T19:03:53","guid":{"rendered":"https:\/\/www.wheeleo.eu\/einen-termin-vereinbaren\/"},"modified":"2025-12-19T11:07:10","modified_gmt":"2025-12-19T10:07:10","slug":"einen-termin-vereinbaren","status":"publish","type":"page","link":"https:\/\/www.wheeleo.eu\/de\/einen-termin-vereinbaren\/","title":{"rendered":"Einen Termin vereinbaren"},"content":{"rendered":"\t\t<div data-elementor-type=\"wp-page\" data-elementor-id=\"20056\" class=\"elementor elementor-20056 elementor-182\" data-elementor-post-type=\"page\">\n\t\t\t\t<div class=\"elementor-element elementor-element-2141c33a e-con-full e-flex e-con e-parent\" data-id=\"2141c33a\" data-element_type=\"container\" data-e-type=\"container\" data-settings=\"{&quot;jet_parallax_layout_list&quot;:[]}\">\n\t\t<div class=\"elementor-element elementor-element-2e26f9ee e-con-full e-flex e-con e-child\" data-id=\"2e26f9ee\" data-element_type=\"container\" data-e-type=\"container\" data-settings=\"{&quot;background_background&quot;:&quot;classic&quot;,&quot;jet_parallax_layout_list&quot;:[]}\">\n\t\t\t\t<div class=\"elementor-element elementor-element-2bd882b3 elementor-widget__width-inherit elementor-widget elementor-widget-heading\" data-id=\"2bd882b3\" data-element_type=\"widget\" data-e-type=\"widget\" data-widget_type=\"heading.default\">\n\t\t\t\t\t<h2 class=\"elementor-heading-title elementor-size-default\">Kundenservice<\/h2>\t\t\t\t<\/div>\n\t\t\t\t<div class=\"elementor-element elementor-element-fbe9666 elementor-widget__width-inherit elementor-widget elementor-widget-heading\" data-id=\"fbe9666\" data-element_type=\"widget\" data-e-type=\"widget\" data-widget_type=\"heading.default\">\n\t\t\t\t\t<h1 class=\"elementor-heading-title elementor-size-default\">Einen Termin vereinbaren<\/h1>\t\t\t\t<\/div>\n\t\t\t\t<div class=\"elementor-element elementor-element-20299097 elementor-widget elementor-widget-text-editor\" data-id=\"20299097\" data-element_type=\"widget\" data-e-type=\"widget\" data-widget_type=\"text-editor.default\">\n\t\t\t\t\t\t\t\t\t<p>Vereinbaren Sie ganz einfach einen Termin, um es kennenzulernen. W\u00e4hlen Sie einen passenden Zeitpunkt und freuen Sie sich auf ein pers\u00f6nliches Erlebnis, bei dem wir Ihnen die faszinierenden Details des Wheeleo\u00ae vorstellen. Buchen Sie jetzt eine ma\u00dfgeschneiderte Pr\u00e4sentation.  <\/p>\t\t\t\t\t\t\t\t<\/div>\n\t\t\t\t<\/div>\n\t\t<div class=\"elementor-element elementor-element-677e1cbb e-con-full e-flex e-con e-child\" data-id=\"677e1cbb\" data-element_type=\"container\" data-e-type=\"container\" data-settings=\"{&quot;background_background&quot;:&quot;classic&quot;,&quot;background_motion_fx_motion_fx_scrolling&quot;:&quot;yes&quot;,&quot;background_motion_fx_translateX_effect&quot;:&quot;yes&quot;,&quot;background_motion_fx_translateX_direction&quot;:&quot;negative&quot;,&quot;background_motion_fx_translateX_speed&quot;:{&quot;unit&quot;:&quot;px&quot;,&quot;size&quot;:1,&quot;sizes&quot;:[]},&quot;jet_parallax_layout_list&quot;:[],&quot;background_motion_fx_translateX_affectedRange&quot;:{&quot;unit&quot;:&quot;%&quot;,&quot;size&quot;:&quot;&quot;,&quot;sizes&quot;:{&quot;start&quot;:0,&quot;end&quot;:100}},&quot;background_motion_fx_devices&quot;:[&quot;desktop&quot;,&quot;tablet&quot;,&quot;mobile&quot;]}\">\n\t\t\t\t<\/div>\n\t\t\t\t<\/div>\n\t\t<div class=\"elementor-element elementor-element-8d55b6e e-flex e-con-boxed e-con e-parent\" data-id=\"8d55b6e\" data-element_type=\"container\" data-e-type=\"container\" data-settings=\"{&quot;jet_parallax_layout_list&quot;:[]}\">\n\t\t\t\t\t<div class=\"e-con-inner\">\n\t\t\t\t<div class=\"elementor-element elementor-element-3f9cccf elementor-widget elementor-widget-html\" data-id=\"3f9cccf\" data-element_type=\"widget\" data-e-type=\"widget\" data-widget_type=\"html.default\">\n\t\t\t\t\t<iframe width=\"100%\" height=\"800px\" src=\"https:\/\/wheeleo.zohobookings.eu\/portal-embed#\/rdv-wheeleo\" frameborder=\"0\" allowfullscreen=\"\"> <\/iframe>\t\t\t\t<\/div>\n\t\t\t\t\t<\/div>\n\t\t\t\t<\/div>\n\t\t<div class=\"elementor-element elementor-element-88b7d84 e-flex e-con-boxed e-con e-parent\" data-id=\"88b7d84\" data-element_type=\"container\" data-e-type=\"container\" data-settings=\"{&quot;jet_parallax_layout_list&quot;:[]}\">\n\t\t\t\t\t<div class=\"e-con-inner\">\n\t\t\t\t<div class=\"elementor-element elementor-element-52b22eb elementor-cta--layout-image-above elementor-cta--skin-classic elementor-animated-content elementor-bg-transform elementor-bg-transform-zoom-in elementor-widget elementor-widget-global elementor-global-19810 elementor-global-2185 elementor-widget-call-to-action\" data-id=\"52b22eb\" data-element_type=\"widget\" data-e-type=\"widget\" data-widget_type=\"call-to-action.default\">\n\t\t\t\t\t\t\t<div class=\"elementor-cta\">\n\t\t\t\t\t<div class=\"elementor-cta__bg-wrapper\">\n\t\t\t\t<div class=\"elementor-cta__bg elementor-bg\" style=\"background-image: url(https:\/\/www.wheeleo.eu\/wp-content\/uploads\/2024\/03\/contact-2-1024x279.png);\" role=\"img\" aria-label=\"contact\"><\/div>\n\t\t\t\t<div class=\"elementor-cta__bg-overlay\"><\/div>\n\t\t\t<\/div>\n\t\t\t\t\t\t\t<div class=\"elementor-cta__content\">\n\t\t\t\t\n\t\t\t\t\t\t\t\t\t<div class=\"elementor-cta__title elementor-cta__content-item elementor-content-item\">\n\t\t\t\t\t\tBen\u00f6tigen Sie Hilfe? Kontaktieren Sie uns!\t\t\t\t\t<\/div>\n\t\t\t\t\n\t\t\t\t\t\t\t\t\t<div class=\"elementor-cta__description elementor-cta__content-item elementor-content-item\">\n\t\t\t\t\t\tHaben Sie noch Fragen? Z\u00f6gern Sie nicht, uns zu kontaktieren. Wir sind f\u00fcr Sie da, um Ihnen zu helfen und Ihr Erlebnis so reibungslos wie m\u00f6glich zu gestalten!  \t\t\t\t\t<\/div>\n\t\t\t\t\n\t\t\t\t\t\t\t\t\t<div class=\"elementor-cta__button-wrapper elementor-cta__content-item elementor-content-item \">\n\t\t\t\t\t<a class=\"elementor-cta__button elementor-button elementor-size-\" href=\"https:\/\/www.wheeleo.eu\/de\/kontakt\/\">\n\t\t\t\t\t\tKontaktieren Sie uns!\t\t\t\t\t<\/a>\n\t\t\t\t\t<\/div>\n\t\t\t\t\t\t\t<\/div>\n\t\t\t\t\t\t<\/div>\n\t\t\t\t\t\t<\/div>\n\t\t\t\t\t<\/div>\n\t\t\t\t<\/div>\n\t\t\t\t<\/div>\n\t\t","protected":false},"excerpt":{"rendered":"<p>Kundenservice Vereinbaren Sie ganz einfach einen Termin, um es kennenzulernen. W\u00e4hlen Sie einen passenden Zeitpunkt und freuen Sie sich auf ein pers\u00f6nliches Erlebnis, bei dem wir Ihnen die faszinierenden Details des Wheeleo\u00ae vorstellen. Buchen Sie jetzt eine ma\u00dfgeschneiderte Pr\u00e4sentation. Besoin d&#8217;aide ? Contactez-nous ! Des questions subsistent? N&#8217;h\u00e9sitez pas \u00e0 nous contacter. Nous sommes l\u00e0 [&hellip;]<\/p>\n","protected":false},"author":1,"featured_media":0,"parent":0,"menu_order":0,"comment_status":"closed","ping_status":"closed","template":"elementor_header_footer","meta":{"footnotes":""},"class_list":["post-20056","page","type-page","status-publish","hentry"],"_links":{"self":[{"href":"https:\/\/www.wheeleo.eu\/de\/wp-json\/wp\/v2\/pages\/20056","targetHints":{"allow":["GET"]}}],"collection":[{"href":"https:\/\/www.wheeleo.eu\/de\/wp-json\/wp\/v2\/pages"}],"about":[{"href":"https:\/\/www.wheeleo.eu\/de\/wp-json\/wp\/v2\/types\/page"}],"author":[{"embeddable":true,"href":"https:\/\/www.wheeleo.eu\/de\/wp-json\/wp\/v2\/users\/1"}],"replies":[{"embeddable":true,"href":"https:\/\/www.wheeleo.eu\/de\/wp-json\/wp\/v2\/comments?post=20056"}],"version-history":[{"count":1,"href":"https:\/\/www.wheeleo.eu\/de\/wp-json\/wp\/v2\/pages\/20056\/revisions"}],"predecessor-version":[{"id":20057,"href":"https:\/\/www.wheeleo.eu\/de\/wp-json\/wp\/v2\/pages\/20056\/revisions\/20057"}],"wp:attachment":[{"href":"https:\/\/www.wheeleo.eu\/de\/wp-json\/wp\/v2\/media?parent=20056"}],"curies":[{"name":"wp","href":"https:\/\/api.w.org\/{rel}","templated":true}]}}