{"id":19880,"date":"2023-09-25T21:42:27","date_gmt":"2023-09-25T19:42:27","guid":{"rendered":"https:\/\/www.wheeleo.eu\/ce-konformitaetserklaerung\/"},"modified":"2025-12-19T10:59:26","modified_gmt":"2025-12-19T09:59:26","slug":"ce-konformitaetserklaerung","status":"publish","type":"page","link":"https:\/\/www.wheeleo.eu\/de\/ce-konformitaetserklaerung\/","title":{"rendered":"CE-Konformit\u00e4tserkl\u00e4rung"},"content":{"rendered":"\t\t<div data-elementor-type=\"wp-page\" data-elementor-id=\"19880\" class=\"elementor elementor-19880 elementor-204\" data-elementor-post-type=\"page\">\n\t\t\t\t<div class=\"elementor-element elementor-element-51a09ca9 e-con-full e-flex e-con e-parent\" data-id=\"51a09ca9\" data-element_type=\"container\" data-e-type=\"container\" data-settings=\"{&quot;jet_parallax_layout_list&quot;:[]}\">\n\t\t<div class=\"elementor-element elementor-element-7e01b428 e-con-full e-flex e-con e-child\" data-id=\"7e01b428\" data-element_type=\"container\" data-e-type=\"container\" data-settings=\"{&quot;background_background&quot;:&quot;classic&quot;,&quot;jet_parallax_layout_list&quot;:[]}\">\n\t\t\t\t<div class=\"elementor-element elementor-element-291d8760 elementor-widget__width-inherit elementor-widget elementor-widget-heading\" data-id=\"291d8760\" data-element_type=\"widget\" data-e-type=\"widget\" data-widget_type=\"heading.default\">\n\t\t\t\t\t<h2 class=\"elementor-heading-title elementor-size-default\">Kundenservice<\/h2>\t\t\t\t<\/div>\n\t\t\t\t<div class=\"elementor-element elementor-element-3aae1df3 elementor-widget__width-inherit elementor-widget elementor-widget-heading\" data-id=\"3aae1df3\" data-element_type=\"widget\" data-e-type=\"widget\" data-widget_type=\"heading.default\">\n\t\t\t\t\t<h1 class=\"elementor-heading-title elementor-size-default\">CE-Konformit\u00e4tserkl\u00e4rung<\/h1>\t\t\t\t<\/div>\n\t\t\t\t<div class=\"elementor-element elementor-element-51e4b628 elementor-widget elementor-widget-text-editor\" data-id=\"51e4b628\" data-element_type=\"widget\" data-e-type=\"widget\" data-widget_type=\"text-editor.default\">\n\t\t\t\t\t\t\t\t\t<p>Das Wheeleo\u00ae ist ein CE-Medizinprodukt der Klasse 1. Laden Sie das Dokument \u201eKonformit\u00e4tserkl\u00e4rung\u201c unten herunter. <\/p>\t\t\t\t\t\t\t\t<\/div>\n\t\t<div class=\"elementor-element elementor-element-61f9a472 e-flex e-con-boxed e-con e-child\" data-id=\"61f9a472\" data-element_type=\"container\" data-e-type=\"container\" data-settings=\"{&quot;jet_parallax_layout_list&quot;:[]}\">\n\t\t\t\t\t<div class=\"e-con-inner\">\n\t\t\t\t<div class=\"elementor-element elementor-element-6b73c26e elementor-align-justify elementor-widget elementor-widget-button\" data-id=\"6b73c26e\" data-element_type=\"widget\" data-e-type=\"widget\" data-widget_type=\"button.default\">\n\t\t\t\t\t\t\t\t\t\t<a class=\"elementor-button elementor-button-link elementor-size-sm\" href=\"https:\/\/www.wheeleo.eu\/wp-content\/uploads\/2024\/07\/E-DND-08-DoC-Wheeleo-V4_20240704_Signed.pdf\">\n\t\t\t\t\t\t<span class=\"elementor-button-content-wrapper\">\n\t\t\t\t\t\t\t\t\t<span class=\"elementor-button-text\">Konformit\u00e4tserkl\u00e4rung herunterladen<\/span>\n\t\t\t\t\t<\/span>\n\t\t\t\t\t<\/a>\n\t\t\t\t\t\t\t\t<\/div>\n\t\t\t\t\t<\/div>\n\t\t\t\t<\/div>\n\t\t\t\t<\/div>\n\t\t<div class=\"elementor-element elementor-element-34ef4481 e-con-full e-flex e-con e-child\" data-id=\"34ef4481\" data-element_type=\"container\" data-e-type=\"container\" data-settings=\"{&quot;background_background&quot;:&quot;classic&quot;,&quot;background_motion_fx_motion_fx_scrolling&quot;:&quot;yes&quot;,&quot;background_motion_fx_translateX_effect&quot;:&quot;yes&quot;,&quot;background_motion_fx_translateX_direction&quot;:&quot;negative&quot;,&quot;background_motion_fx_translateX_speed&quot;:{&quot;unit&quot;:&quot;px&quot;,&quot;size&quot;:1,&quot;sizes&quot;:[]},&quot;jet_parallax_layout_list&quot;:[],&quot;background_motion_fx_translateX_affectedRange&quot;:{&quot;unit&quot;:&quot;%&quot;,&quot;size&quot;:&quot;&quot;,&quot;sizes&quot;:{&quot;start&quot;:0,&quot;end&quot;:100}},&quot;background_motion_fx_devices&quot;:[&quot;desktop&quot;,&quot;tablet&quot;,&quot;mobile&quot;]}\">\n\t\t\t\t<\/div>\n\t\t\t\t<\/div>\n\t\t<div class=\"elementor-element elementor-element-2f91889 e-flex e-con-boxed e-con e-parent\" data-id=\"2f91889\" data-element_type=\"container\" data-e-type=\"container\" data-settings=\"{&quot;jet_parallax_layout_list&quot;:[]}\">\n\t\t\t\t\t<div class=\"e-con-inner\">\n\t\t\t\t<div class=\"elementor-element elementor-element-235a315 elementor-widget elementor-widget-heading\" data-id=\"235a315\" data-element_type=\"widget\" data-e-type=\"widget\" data-widget_type=\"heading.default\">\n\t\t\t\t\t<h2 class=\"elementor-heading-title elementor-size-default\">Was ist ein Medizinprodukt der Klasse 1?<\/h2>\t\t\t\t<\/div>\n\t\t\t\t<div class=\"elementor-element elementor-element-577987c elementor-widget elementor-widget-text-editor\" data-id=\"577987c\" data-element_type=\"widget\" data-e-type=\"widget\" data-widget_type=\"text-editor.default\">\n\t\t\t\t\t\t\t\t\t<p>Ein Medizinprodukt der Klasse 1 ist eine Kategorie von Medizinprodukten, die am wenigsten invasiv sind und das geringste Risiko f\u00fcr Patienten darstellen, haupts\u00e4chlich f\u00fcr einfache Anwendungen eingesetzt werden und keine externe Kontrolle zur Gew\u00e4hrleistung ihrer Sicherheit erfordern.<\/p><p>Medizinprodukte der Klasse 1 m\u00fcssen spezifische Sicherheits- und Leistungsnormen erf\u00fcllen, die von den zust\u00e4ndigen Aufsichtsbeh\u00f6rden festgelegt wurden. Sie k\u00f6nnen eine Konformit\u00e4tsbewertung erfordern und m\u00fcssen mit dem CE-Zeichen versehen sein, um in der Europ\u00e4ischen Union vermarktet werden zu d\u00fcrfen. Diese Vorschriften sollen gew\u00e4hrleisten, dass Medizinprodukte der Klasse 1 sicher und wirksam f\u00fcr ihren vorgesehenen Gebrauch sind, w\u00e4hrend gleichzeitig die Risiken f\u00fcr Patienten und Anwender minimiert werden.  <\/p><p>Das Wheeleo\u00ae erf\u00fcllt streng die f\u00fcr Medizinprodukte der Klasse 1 festgelegten Vorschriften. Es wurde gem\u00e4\u00df den strengsten Sicherheits- und Leistungsnormen entwickelt und hergestellt, wodurch seine Zuverl\u00e4ssigkeit und Wirksamkeit f\u00fcr die Benutzer gew\u00e4hrleistet ist. Durch den Erhalt der CE-Zertifizierung beweist das Wheeleo sein Engagement f\u00fcr Sicherheit und Qualit\u00e4t und bietet somit eine zuverl\u00e4ssige und zugelassene Mobilit\u00e4tsl\u00f6sung f\u00fcr die Benutzer.  <\/p>\t\t\t\t\t\t\t\t<\/div>\n\t\t\t\t\t<\/div>\n\t\t\t\t<\/div>\n\t\t<div class=\"elementor-element elementor-element-fa65652 e-flex e-con-boxed e-con e-parent\" data-id=\"fa65652\" data-element_type=\"container\" data-e-type=\"container\" data-settings=\"{&quot;jet_parallax_layout_list&quot;:[]}\">\n\t\t\t\t\t<div class=\"e-con-inner\">\n\t\t\t\t<div class=\"elementor-element elementor-element-bc1878a elementor-widget elementor-widget-image\" data-id=\"bc1878a\" data-element_type=\"widget\" data-e-type=\"widget\" data-widget_type=\"image.default\">\n\t\t\t\t\t\t\t\t\t\t\t\t\t\t\t\t<a href=\"https:\/\/www.wheeleo.eu\/wp-content\/uploads\/2024\/07\/E-DND-08-DoC-Wheeleo-V4_20240704_Signed.pdf\" target=\"_blank\">\n\t\t\t\t\t\t\t<img loading=\"lazy\" decoding=\"async\" loading=\"lazy\" width=\"614\" height=\"873\" src=\"https:\/\/www.wheeleo.eu\/wp-content\/uploads\/2024\/07\/E-DND-08-DoC-Wheeleo-V4_20240704_Signed.png\" class=\"attachment-large size-large wp-image-19883\" alt=\"\" srcset=\"https:\/\/www.wheeleo.eu\/wp-content\/uploads\/2024\/07\/E-DND-08-DoC-Wheeleo-V4_20240704_Signed.png 614w, https:\/\/www.wheeleo.eu\/wp-content\/uploads\/2024\/07\/E-DND-08-DoC-Wheeleo-V4_20240704_Signed-211x300.png 211w, https:\/\/www.wheeleo.eu\/wp-content\/uploads\/2024\/07\/E-DND-08-DoC-Wheeleo-V4_20240704_Signed-600x853.png 600w\" sizes=\"auto, (max-width: 614px) 100vw, 614px\" \/>\t\t\t\t\t\t\t\t<\/a>\n\t\t\t\t\t\t\t\t\t\t\t\t\t\t\t<\/div>\n\t\t\t\t\t<\/div>\n\t\t\t\t<\/div>\n\t\t\t\t<\/div>\n\t\t","protected":false},"excerpt":{"rendered":"<p>Kundenservice Das Wheeleo\u00ae ist ein CE-Medizinprodukt der Klasse 1. Laden Sie das Dokument \u201eKonformit\u00e4tserkl\u00e4rung\u201c unten herunter. Konformit\u00e4tserkl\u00e4rung herunterladen Was ist ein Medizinprodukt der Klasse 1? Ein Medizinprodukt der Klasse 1 ist eine Kategorie von Medizinprodukten, die am wenigsten invasiv sind und das geringste Risiko f\u00fcr Patienten darstellen, haupts\u00e4chlich f\u00fcr einfache Anwendungen eingesetzt werden und keine [&hellip;]<\/p>\n","protected":false},"author":1,"featured_media":0,"parent":0,"menu_order":0,"comment_status":"closed","ping_status":"closed","template":"elementor_header_footer","meta":{"footnotes":""},"class_list":["post-19880","page","type-page","status-publish","hentry"],"_links":{"self":[{"href":"https:\/\/www.wheeleo.eu\/de\/wp-json\/wp\/v2\/pages\/19880","targetHints":{"allow":["GET"]}}],"collection":[{"href":"https:\/\/www.wheeleo.eu\/de\/wp-json\/wp\/v2\/pages"}],"about":[{"href":"https:\/\/www.wheeleo.eu\/de\/wp-json\/wp\/v2\/types\/page"}],"author":[{"embeddable":true,"href":"https:\/\/www.wheeleo.eu\/de\/wp-json\/wp\/v2\/users\/1"}],"replies":[{"embeddable":true,"href":"https:\/\/www.wheeleo.eu\/de\/wp-json\/wp\/v2\/comments?post=19880"}],"version-history":[{"count":1,"href":"https:\/\/www.wheeleo.eu\/de\/wp-json\/wp\/v2\/pages\/19880\/revisions"}],"predecessor-version":[{"id":19884,"href":"https:\/\/www.wheeleo.eu\/de\/wp-json\/wp\/v2\/pages\/19880\/revisions\/19884"}],"wp:attachment":[{"href":"https:\/\/www.wheeleo.eu\/de\/wp-json\/wp\/v2\/media?parent=19880"}],"curies":[{"name":"wp","href":"https:\/\/api.w.org\/{rel}","templated":true}]}}