{"id":19666,"date":"2023-09-25T21:59:37","date_gmt":"2023-09-25T19:59:37","guid":{"rendered":"https:\/\/www.wheeleo.eu\/auspacken-und-montage-des-wheeleo\/"},"modified":"2025-12-19T10:47:25","modified_gmt":"2025-12-19T09:47:25","slug":"auspacken-und-montage-des-wheeleo","status":"publish","type":"page","link":"https:\/\/www.wheeleo.eu\/de\/auspacken-und-montage-des-wheeleo\/","title":{"rendered":"Auspacken und Montage des Wheeleo\u00ae"},"content":{"rendered":"\t\t<div data-elementor-type=\"wp-page\" data-elementor-id=\"19666\" class=\"elementor elementor-19666 elementor-214\" data-elementor-post-type=\"page\">\n\t\t\t\t<div class=\"elementor-element elementor-element-721acb0 e-con-full e-flex e-con e-parent\" data-id=\"721acb0\" data-element_type=\"container\" data-e-type=\"container\" data-settings=\"{&quot;background_background&quot;:&quot;classic&quot;,&quot;jet_parallax_layout_list&quot;:[]}\">\n\t\t\t\t<div class=\"elementor-element elementor-element-80932f9 elementor-widget elementor-widget-heading\" data-id=\"80932f9\" data-element_type=\"widget\" data-e-type=\"widget\" data-widget_type=\"heading.default\">\n\t\t\t\t\t<h1 class=\"elementor-heading-title elementor-size-default\">Hilfe<\/h1>\t\t\t\t<\/div>\n\t\t\t\t<div class=\"elementor-element elementor-element-34011d5 elementor-widget__width-initial elementor-widget elementor-widget-text-editor\" data-id=\"34011d5\" data-element_type=\"widget\" data-e-type=\"widget\" data-widget_type=\"text-editor.default\">\n\t\t\t\t\t\t\t\t\t<p>Sie haben Ihr Test-Wheeleo\u00ae per Spedition erhalten. Es ist in einem Karton verpackt. Damit Sie diesen Karton f\u00fcr die R\u00fccksendung des Test-Wheeleo\u00ae wiederverwenden k\u00f6nnen, ist es wichtig, dass er in gutem Zustand bleibt. Befolgen Sie die untenstehende Anleitung f\u00fcr ein reibungsloses Auspacken. Um das Wheeleo\u00ae f\u00fcr eine R\u00fccksendung wieder zu verpacken, befolgen Sie die Anleitung in umgekehrter Reihenfolge.    <\/p>\t\t\t\t\t\t\t\t<\/div>\n\t\t\t\t<\/div>\n\t\t<div class=\"elementor-element elementor-element-3ea4170 e-flex e-con-boxed e-con e-parent\" data-id=\"3ea4170\" data-element_type=\"container\" data-e-type=\"container\" data-settings=\"{&quot;jet_parallax_layout_list&quot;:[]}\">\n\t\t\t\t\t<div class=\"e-con-inner\">\n\t\t\t\t<div class=\"elementor-element elementor-element-5c93ad4 elementor-widget elementor-widget-heading\" data-id=\"5c93ad4\" data-element_type=\"widget\" data-e-type=\"widget\" data-widget_type=\"heading.default\">\n\t\t\t\t\t<h2 class=\"elementor-heading-title elementor-size-default\">Montage<\/h2>\t\t\t\t<\/div>\n\t\t\t\t<div class=\"elementor-element elementor-element-044ba18 elementor-widget elementor-widget-video\" data-id=\"044ba18\" data-element_type=\"widget\" data-e-type=\"widget\" data-settings=\"{&quot;youtube_url&quot;:&quot;https:\\\/\\\/youtu.be\\\/gLD9YotgLSE&quot;,&quot;video_type&quot;:&quot;youtube&quot;,&quot;controls&quot;:&quot;yes&quot;}\" data-widget_type=\"video.default\">\n\t\t\t\t\t\t\t<div class=\"elementor-wrapper elementor-open-inline\">\n\t\t\t<div class=\"elementor-video\"><\/div>\t\t<\/div>\n\t\t\t\t\t\t<\/div>\n\t\t\t\t\t<\/div>\n\t\t\t\t<\/div>\n\t\t<div class=\"elementor-element elementor-element-b129375 e-flex e-con-boxed e-con e-parent\" data-id=\"b129375\" data-element_type=\"container\" data-e-type=\"container\" data-settings=\"{&quot;jet_parallax_layout_list&quot;:[]}\">\n\t\t\t\t\t<div class=\"e-con-inner\">\n\t\t\t\t<div class=\"elementor-element elementor-element-649bfef elementor-widget elementor-widget-heading\" data-id=\"649bfef\" data-element_type=\"widget\" data-e-type=\"widget\" data-widget_type=\"heading.default\">\n\t\t\t\t\t<h2 class=\"elementor-heading-title elementor-size-default\">Wartung<\/h2>\t\t\t\t<\/div>\n\t\t\t\t<div class=\"elementor-element elementor-element-8a32295 elementor-widget elementor-widget-video\" data-id=\"8a32295\" data-element_type=\"widget\" data-e-type=\"widget\" data-settings=\"{&quot;youtube_url&quot;:&quot;https:\\\/\\\/youtu.be\\\/0Ee0JhQVdks&quot;,&quot;video_type&quot;:&quot;youtube&quot;,&quot;controls&quot;:&quot;yes&quot;}\" data-widget_type=\"video.default\">\n\t\t\t\t\t\t\t<div class=\"elementor-wrapper elementor-open-inline\">\n\t\t\t<div class=\"elementor-video\"><\/div>\t\t<\/div>\n\t\t\t\t\t\t<\/div>\n\t\t\t\t<div class=\"elementor-element elementor-element-8b5f40a elementor-widget elementor-widget-text-editor\" data-id=\"8b5f40a\" data-element_type=\"widget\" data-e-type=\"widget\" data-widget_type=\"text-editor.default\">\n\t\t\t\t\t\t\t\t\t<h2>Pflege des Wheeleo<\/h2><p>Um die optimale Nutzung des Wheeleo\u00ae langfristig zu gew\u00e4hrleisten, ist es wichtig, einige Punkte zu beachten:<\/p><ul><li>Die freie Drehung der R\u00e4der und ihrer Struktur<\/li><li>Die Befestigung der Rollen an der Struktur des Wheeleo\u00ae.<\/li><\/ul><p><strong>Die freie Drehung der R\u00e4der und ihrer Struktur:<\/strong><\/p><ul><li>Die R\u00e4der m\u00fcssen sich leicht drehen lassen<\/li><li>Die Rollen m\u00fcssen sich widerstandslos um 360\u00b0 drehen lassen.<\/li><\/ul><p>Staub, Haare und Schmutz k\u00f6nnen die Kugellager daran hindern, ordnungsgem\u00e4\u00df zu funktionieren. Es wird empfohlen, die Kugellager regelm\u00e4\u00dfig mit einem Tuch, einer kleinen B\u00fcrste oder etwas Druckluft (Staubentfernungsspray f\u00fcr PCs) zu reinigen. Sobald die Lager gr\u00fcndlich gereinigt sind, sollten sie mit einem Universalschmiermittel (z. B. WD-40) geschmiert werden.  <\/p><p>Dieses Verfahren sollte regelm\u00e4\u00dfig durchgef\u00fchrt werden und sobald sich das Wheeleo\u00ae nicht mehr so leicht bewegen l\u00e4sst wie gewohnt.<\/p><p>Zur Erinnerung: Es wird nicht empfohlen, das Wheeleo\u00ae in Umgebungen wie Wasser, Sand, Schmutz, Gras, Kies usw. zu verwenden. Dies erh\u00f6ht die H\u00e4ufigkeit der Wartung und kann das Wheeleo\u00ae schneller besch\u00e4digen. Sand und Wasser sollten vermieden werden.  <\/p><p><strong>Befestigung der Rollen an der Struktur des Wheeleo\u00ae.<\/strong><\/p><p>Die Rollen sind mit einer Gewindestange in die Struktur geschraubt, um die Rollen bei fortgeschrittenem Verschlei\u00df oder Defekt austauschen zu k\u00f6nnen. Es ist wichtig, regelm\u00e4\u00dfig zu \u00fcberpr\u00fcfen, ob die Rollen an den Enden der Wheeleo\u00ae-F\u00fc\u00dfe korrekt verschraubt sind. Diese Kontrolle sollte h\u00e4ufiger durchgef\u00fchrt werden, wenn das Wheeleo\u00ae auf vibrationserzeugenden Oberfl\u00e4chen verwendet wird.  <\/p><p>Wenn die Rollen locker sind, m\u00fcssen sie mit einem 14-mm-Schl\u00fcssel im Uhrzeigersinn festgezogen werden (siehe Video). Um die Auswirkungen von Vibrationen auf die Gewindesicherung zu begrenzen, wird empfohlen, vor dem Verschrauben Schraubensicherung (z. B. Loctite 243) auf das gesamte Gewinde der Rollen-Gewindestange aufzutragen (siehe Video). <\/p>\t\t\t\t\t\t\t\t<\/div>\n\t\t\t\t\t<\/div>\n\t\t\t\t<\/div>\n\t\t<div class=\"elementor-element elementor-element-03f6f21 e-flex e-con-boxed e-con e-parent\" data-id=\"03f6f21\" data-element_type=\"container\" data-e-type=\"container\" data-settings=\"{&quot;jet_parallax_layout_list&quot;:[]}\">\n\t\t\t\t\t<div class=\"e-con-inner\">\n\t\t<div class=\"elementor-element elementor-element-d4b754f e-con-full e-flex e-con e-child\" data-id=\"d4b754f\" data-element_type=\"container\" data-e-type=\"container\" data-settings=\"{&quot;jet_parallax_layout_list&quot;:[]}\">\n\t\t\t\t<div class=\"elementor-element elementor-element-5721ffc elementor-widget elementor-widget-heading\" data-id=\"5721ffc\" data-element_type=\"widget\" data-e-type=\"widget\" data-widget_type=\"heading.default\">\n\t\t\t\t\t<h1 class=\"elementor-heading-title elementor-size-default\">Ben\u00f6tigen Sie Hilfe?<\/h1>\t\t\t\t<\/div>\n\t\t\t\t<div class=\"elementor-element elementor-element-c9f37b1 elementor-widget elementor-widget-text-editor\" data-id=\"c9f37b1\" data-element_type=\"widget\" data-e-type=\"widget\" data-widget_type=\"text-editor.default\">\n\t\t\t\t\t\t\t\t\t<p>Eine Frage, eine Anmerkung? <br>Wir helfen Ihnen gerne. <br><br><\/p><p>Bei Wheeleo\u00ae ist es unsere Mission, Ihnen wieder auf die Beine zu helfen. Sei es durch die Bereitstellung einer Mobilit\u00e4tshilfe der n\u00e4chsten Generation oder durch die Beantwortung Ihrer Fragen. Teilen Sie uns Ihre Anliegen mit, und wir werden Ihnen so schnell wie m\u00f6glich antworten.  <\/p>\t\t\t\t\t\t\t\t<\/div>\n\t\t\t\t<div class=\"elementor-element elementor-element-5ceca88 elementor-align-left elementor-widget elementor-widget-button\" data-id=\"5ceca88\" data-element_type=\"widget\" data-e-type=\"widget\" data-widget_type=\"button.default\">\n\t\t\t\t\t\t\t\t\t\t<a class=\"elementor-button elementor-button-link elementor-size-sm\" href=\"https:\/\/www.wheeleo.eu\/de\/kontakt\/\">\n\t\t\t\t\t\t<span class=\"elementor-button-content-wrapper\">\n\t\t\t\t\t\t\t\t\t<span class=\"elementor-button-text\">Kontaktieren Sie uns<\/span>\n\t\t\t\t\t<\/span>\n\t\t\t\t\t<\/a>\n\t\t\t\t\t\t\t\t<\/div>\n\t\t\t\t<\/div>\n\t\t<div class=\"elementor-element elementor-element-d21d8af e-flex e-con-boxed e-con e-child\" data-id=\"d21d8af\" data-element_type=\"container\" data-e-type=\"container\" data-settings=\"{&quot;background_background&quot;:&quot;classic&quot;,&quot;jet_parallax_layout_list&quot;:[]}\">\n\t\t\t\t\t<div class=\"e-con-inner\">\n\t\t\t\t\t<\/div>\n\t\t\t\t<\/div>\n\t\t\t\t\t<\/div>\n\t\t\t\t<\/div>\n\t\t<div class=\"elementor-element elementor-element-04d3cae e-flex e-con-boxed e-con e-parent\" data-id=\"04d3cae\" data-element_type=\"container\" data-e-type=\"container\" data-settings=\"{&quot;jet_parallax_layout_list&quot;:[]}\">\n\t\t\t\t\t<div class=\"e-con-inner\">\n\t\t\t\t<div class=\"elementor-element elementor-element-26a04e1 elementor-cta--skin-cover elementor-widget elementor-widget-call-to-action\" data-id=\"26a04e1\" data-element_type=\"widget\" data-e-type=\"widget\" data-widget_type=\"call-to-action.default\">\n\t\t\t\t\t\t\t<a class=\"elementor-cta\" href=\"https:\/\/www.wheeleo.eu\/faq\/\">\n\t\t\t\t\t<div class=\"elementor-cta__bg-wrapper\">\n\t\t\t\t<div class=\"elementor-cta__bg elementor-bg\" style=\"background-image: url(https:\/\/www.wheeleo.eu\/wp-content\/uploads\/2024\/02\/wheeleo-autonomous-elderly-1024x768.jpg);\" role=\"img\" aria-label=\"wheeleo-autonomous-elderly\"><\/div>\n\t\t\t\t<div class=\"elementor-cta__bg-overlay\"><\/div>\n\t\t\t<\/div>\n\t\t\t\t\t\t\t<div class=\"elementor-cta__content\">\n\t\t\t\t\n\t\t\t\t\t\t\t\t\t<h3 class=\"elementor-cta__title elementor-cta__content-item elementor-content-item\">\n\t\t\t\t\t\tHaben Sie keine Antworten gefunden?\t\t\t\t\t<\/h3>\n\t\t\t\t\n\t\t\t\t\t\t\t\t\t<div class=\"elementor-cta__description elementor-cta__content-item elementor-content-item\">\n\t\t\t\t\t\tBesuchen Sie unsere FAQ f\u00fcr weitere Informationen!\t\t\t\t\t<\/div>\n\t\t\t\t\n\t\t\t\t\t\t\t\t\t<div class=\"elementor-cta__button-wrapper elementor-cta__content-item elementor-content-item \">\n\t\t\t\t\t<span class=\"elementor-cta__button elementor-button elementor-size-\">\n\t\t\t\t\t\tFAQ\t\t\t\t\t<\/span>\n\t\t\t\t\t<\/div>\n\t\t\t\t\t\t\t<\/div>\n\t\t\t\t\t\t<\/a>\n\t\t\t\t\t\t<\/div>\n\t\t\t\t\t<\/div>\n\t\t\t\t<\/div>\n\t\t\t\t<\/div>\n\t\t","protected":false},"excerpt":{"rendered":"<p>Hilfe Sie haben Ihr Test-Wheeleo\u00ae per Spedition erhalten. Es ist in einem Karton verpackt. Damit Sie diesen Karton f\u00fcr die R\u00fccksendung des Test-Wheeleo\u00ae wiederverwenden k\u00f6nnen, ist es wichtig, dass er in gutem Zustand bleibt. Befolgen Sie die untenstehende Anleitung f\u00fcr ein reibungsloses Auspacken. Um das Wheeleo\u00ae f\u00fcr eine R\u00fccksendung wieder zu verpacken, befolgen Sie die [&hellip;]<\/p>\n","protected":false},"author":1,"featured_media":0,"parent":0,"menu_order":0,"comment_status":"closed","ping_status":"closed","template":"elementor_header_footer","meta":{"footnotes":""},"class_list":["post-19666","page","type-page","status-publish","hentry"],"_links":{"self":[{"href":"https:\/\/www.wheeleo.eu\/de\/wp-json\/wp\/v2\/pages\/19666","targetHints":{"allow":["GET"]}}],"collection":[{"href":"https:\/\/www.wheeleo.eu\/de\/wp-json\/wp\/v2\/pages"}],"about":[{"href":"https:\/\/www.wheeleo.eu\/de\/wp-json\/wp\/v2\/types\/page"}],"author":[{"embeddable":true,"href":"https:\/\/www.wheeleo.eu\/de\/wp-json\/wp\/v2\/users\/1"}],"replies":[{"embeddable":true,"href":"https:\/\/www.wheeleo.eu\/de\/wp-json\/wp\/v2\/comments?post=19666"}],"version-history":[{"count":1,"href":"https:\/\/www.wheeleo.eu\/de\/wp-json\/wp\/v2\/pages\/19666\/revisions"}],"predecessor-version":[{"id":19667,"href":"https:\/\/www.wheeleo.eu\/de\/wp-json\/wp\/v2\/pages\/19666\/revisions\/19667"}],"wp:attachment":[{"href":"https:\/\/www.wheeleo.eu\/de\/wp-json\/wp\/v2\/media?parent=19666"}],"curies":[{"name":"wp","href":"https:\/\/api.w.org\/{rel}","templated":true}]}}